{"id":1287,"date":"2023-10-31T19:38:19","date_gmt":"2023-10-31T19:38:19","guid":{"rendered":"https:\/\/wp.sthemeit.com\/artech\/?page_id=16"},"modified":"2025-09-15T17:13:08","modified_gmt":"2025-09-15T15:13:08","slug":"home","status":"publish","type":"page","link":"https:\/\/greengardenbarcelona.com\/en\/","title":{"rendered":"Inicio"},"content":{"rendered":"\t\t<div data-elementor-type=\"wp-page\" data-elementor-id=\"1287\" class=\"elementor elementor-1287\" data-elementor-post-type=\"page\">\n\t\t\t\t<div class=\"elementor-element elementor-element-ba9addb e-con-full e-flex e-con e-parent\" data-id=\"ba9addb\" data-element_type=\"container\">\n\t\t\t\t<div class=\"elementor-element elementor-element-1d84a16 elementor-widget elementor-widget-prime-slider-general\" data-id=\"1d84a16\" data-element_type=\"widget\" data-settings=\"{&quot;_animation&quot;:&quot;none&quot;}\" data-widget_type=\"prime-slider-general.default\">\n\t\t\t\t<div class=\"elementor-widget-container\">\n\t\t\t\t\t\t\t<div class=\"bdt-prime-slider\">\n\t\t\t<div class=\"bdt-prime-slider-skin-general\">\n\t\t\t\t<div class=\"bdt-position-relative bdt-visible-toggle\" bdt-slideshow=\"{&quot;animation&quot;:&quot;fade&quot;,&quot;ratio&quot;:false,&quot;min-height&quot;:false,&quot;autoplay&quot;:true,&quot;autoplay-interval&quot;:7000,&quot;pause-on-hover&quot;:false,&quot;draggable&quot;:true,&quot;velocity&quot;:0.1,&quot;finite&quot;:false}\" data-settings=\"{&quot;id&quot;:&quot;#bdt-1d84a16&quot;,&quot;animation_status&quot;:&quot;no&quot;}\" id=\"bdt-1d84a16\">\n\t\t\t\t\t<ul class=\"bdt-slideshow-items\">\n\t\t\t\t\t\t\n\t\t\t<li\n\t\t\t\tclass=\"bdt-slideshow-item bdt-flex bdt-flex-middle bdt-flex-center elementor-repeater-item-e3d9189\">\n\t\t\t\t\n\t\t\t\t\t\t\t\t\t\t\t\t\t<video autoplay loop muted playsinline bdt-cover>\n\t\t\t<source src=\"https:\/\/greengardenbarcelona.com\/wp-content\/uploads\/2025\/05\/Green-Garden-2.mp4\" type=\"video\/mp4\">\n\t\t<\/video>\n\t\t\t\t\t\t\t\n\t\t\t\t\t\n\t\t\t\t\t\t\t\t\t<div class=\"bdt-overlay-default bdt-position-cover\"><\/div>\n\t\t\t\t\n\t\t\t\t\t\t<div class=\"bdt-prime-slider-wrapper\">\n\t\t\t<div class=\"bdt-prime-slider-content\">\n\t\t\t\t<div class=\"bdt-prime-slider-desc\">\n\n\t\t\t\t\t\n\t\t\t\t\t\t\t\t\t\t\t<div data-reveal=\"reveal-active\" class=\"bdt-main-title\" >\n\t\t\t\t\t\t\t<h1\t\t\t\t\t\t\t\tclass=\"bdt-title-tag\">\n\t\t\t\t\t\t\t\t\t\t\t\t\t\t\t\t\tGreen Garden Barcelona\t\t\t\t\t\t\t\t\t\t\t\t\t\t\t\t<\/h1>\n\t\t\t\t\t\t<\/div>\n\t\t\t\t\t\n\t\t\t\t\t\n\t\t\t\t\t<div >\n\t\t\t\t\t\t<div class=\"bdt-btn-wrapper\">\n\t\t\t\t\t\t\t\n\t\t\t\t\t\t\t\t<\/div>\n\t\t\t\t\t<\/div>\n\t\t\t\t<\/div>\n\n\t\t\t\t\n\t\t\t<\/div>\n\t\t<\/div>\n\t\t\t\t\t<\/li>\n\n\t\t\n\t\t\t\t\t<\/ul>\n\t\t\t\t\t\n\t\t\t\t\t\t\t\t<div class=\"reveal-muted\">\n\t\t\t\t<a class=\"bdt-position-bottom-right bdt-prime-slider-previous\" href=\"#\" bdt-slidenav-previous\n\t\t\t\t\tbdt-slideshow-item=\"previous\"><\/a>\n\t\t\t\t<a class=\"bdt-position-bottom-right bdt-prime-slider-next\" href=\"#\" bdt-slidenav-next bdt-slideshow-item=\"next\"><\/a>\n\t\t\t<\/div>\n\n\t\t\n\t\t\t\t\t\t\t\n\t\t\t\t\t<div >\n\t\t\t\t<ul class=\"bdt-slideshow-nav bdt-dotnav bdt-margin-large bdt-position-bottom-left bdt-text-center reveal-muted\">\n\t\t\t\t<\/ul>\n\t\t\t<\/div>\n\t\t\n\t\t\t\t\t\t<\/div>\n\t\t\t\t\n\t\t<div class=\"bdt-prime-slider-social-icon reveal-muted\">\n\n\t\t\t\n\t\t\t                <a class=\"bdt-social-animate\" href=\"https:\/\/www.instagram.com\/greengardenbarcelona_\/\" data-bdt-tooltip=\"title: Instagram; pos: right\">\n                    <svg aria-hidden=\"true\" class=\"fa-fw e-font-icon-svg e-fab-instagram\" viewBox=\"0 0 448 512\" xmlns=\"http:\/\/www.w3.org\/2000\/svg\"><path d=\"M224.1 141c-63.6 0-114.9 51.3-114.9 114.9s51.3 114.9 114.9 114.9S339 319.5 339 255.9 287.7 141 224.1 141zm0 189.6c-41.1 0-74.7-33.5-74.7-74.7s33.5-74.7 74.7-74.7 74.7 33.5 74.7 74.7-33.6 74.7-74.7 74.7zm146.4-194.3c0 14.9-12 26.8-26.8 26.8-14.9 0-26.8-12-26.8-26.8s12-26.8 26.8-26.8 26.8 12 26.8 26.8zm76.1 27.2c-1.7-35.9-9.9-67.7-36.2-93.9-26.2-26.2-58-34.4-93.9-36.2-37-2.1-147.9-2.1-184.9 0-35.8 1.7-67.6 9.9-93.9 36.1s-34.4 58-36.2 93.9c-2.1 37-2.1 147.9 0 184.9 1.7 35.9 9.9 67.7 36.2 93.9s58 34.4 93.9 36.2c37 2.1 147.9 2.1 184.9 0 35.9-1.7 67.7-9.9 93.9-36.2 26.2-26.2 34.4-58 36.2-93.9 2.1-37 2.1-147.8 0-184.8zM398.8 388c-7.8 19.6-22.9 34.7-42.6 42.6-29.5 11.7-99.5 9-132.1 9s-102.7 2.6-132.1-9c-19.6-7.8-34.7-22.9-42.6-42.6-11.7-29.5-9-99.5-9-132.1s-2.6-102.7 9-132.1c7.8-19.6 22.9-34.7 42.6-42.6 29.5-11.7 99.5-9 132.1-9s102.7-2.6 132.1 9c19.6 7.8 34.7 22.9 42.6 42.6 11.7 29.5 9 99.5 9 132.1s2.7 102.7-9 132.1z\"><\/path><\/svg>                <\/a>\n            \t\t<\/div>\n\n\t\t\t\t\t\t\t\t<div class=\"bdt-scroll-down-wrapper\">\n\t\t\t<button class=\"bdt-scroll-down reveal-muted\" data-settings=\"{&quot;duration&quot;:100}\" data-selector=\"#my-header\">\n\t\t\t\t\t\t<span bdt-scrollspy=\"cls: bdt-animation-slide-right; repeat: true\" class=\"bdt-scroll-down-content-wrapper\">\n\t\t\t<span class=\"bdt-scroll-icon\">\n\n\t\t\t\t<svg version=\"1.1\" id=\"Capa_1\" xmlns=\"http:\/\/www.w3.org\/2000\/svg\" xmlns:xlink=\"http:\/\/www.w3.org\/1999\/xlink\"\n\t\t\t\t\tx=\"0px\" y=\"0px\" viewBox=\"0 0 64 64\" style=\"enable-background:new 0 0 64 64;\" xml:space=\"preserve\">\n\t\t\t\t\t<g>\n\t\t\t\t\t\t<g>\n\t\t\t\t\t\t\t<polygon\n\t\t\t\t\t\t\t\tpoints=\"31,0 31,60.586 23.707,53.293 22.293,54.854 31.293,64 32.707,64 41.707,54.854 40.293,53.366 33,60.586 33,0 \" \/>\n\t\t\t\t\t\t<\/g>\n\t\t\t\t\t<\/g>\n\t\t\t\t\t<g><\/g>\n\t\t\t\t\t<g><\/g>\n\t\t\t\t\t<g><\/g>\n\t\t\t\t\t<g><\/g>\n\t\t\t\t\t<g><\/g>\n\t\t\t\t\t<g><\/g>\n\t\t\t\t\t<g><\/g>\n\t\t\t\t\t<g><\/g>\n\t\t\t\t\t<g><\/g>\n\t\t\t\t\t<g><\/g>\n\t\t\t\t\t<g><\/g>\n\t\t\t\t\t<g><\/g>\n\t\t\t\t\t<g><\/g>\n\t\t\t\t\t<g><\/g>\n\t\t\t\t\t<g><\/g>\n\t\t\t\t<\/svg>\n\n\t\t\t<\/span>\n\t\t\t<span class=\"bdt-scroll-down-text\">Scroll Down<\/span>\n\t\t<\/span>\n\t\t\t\t\t<\/button>\n\t\t<\/div>\n\n\t\t\t\t\t<\/div>\n\t\t<\/div>\n\t\t\t\t\t\t<\/div>\n\t\t\t\t<\/div>\n\t\t\t\t<div class=\"elementor-element elementor-element-c187c84 elementor-widget elementor-widget-image\" data-id=\"c187c84\" data-element_type=\"widget\" data-widget_type=\"image.default\">\n\t\t\t\t<div class=\"elementor-widget-container\">\n\t\t\t\t\t\t\t\t\t\t\t\t\t\t\t<img fetchpriority=\"high\" decoding=\"async\" width=\"357\" height=\"281\" src=\"https:\/\/greengardenbarcelona.com\/wp-content\/uploads\/2025\/05\/tencate.webp\" class=\"attachment-large size-large wp-image-2732\" alt=\"\" srcset=\"https:\/\/greengardenbarcelona.com\/wp-content\/uploads\/2025\/05\/tencate.webp 357w, https:\/\/greengardenbarcelona.com\/wp-content\/uploads\/2025\/05\/tencate-300x236.webp 300w\" sizes=\"(max-width: 357px) 100vw, 357px\" \/>\t\t\t\t\t\t\t\t\t\t\t\t\t\t\t<\/div>\n\t\t\t\t<\/div>\n\t\t\t\t<\/div>\n\t\t<div class=\"elementor-element elementor-element-93c29fa e-flex e-con-boxed e-con e-parent\" data-id=\"93c29fa\" data-element_type=\"container\">\n\t\t\t\t\t<div class=\"e-con-inner\">\n\t\t<div class=\"elementor-element elementor-element-b0837e9 e-con-full e-flex e-con e-child\" data-id=\"b0837e9\" data-element_type=\"container\">\n\t\t\t\t<div data-premium-element-link=\"{&quot;type&quot;:&quot;link&quot;,&quot;link&quot;:null,&quot;href&quot;:&quot;https:\\\/\\\/greengardenbarcelona.com\\\/en\\\/servicos-de-instalacion\\\/&quot;}\" style=\"cursor: pointer\" class=\"elementor-element elementor-element-5e7a402 premium-wrapper-link-yes elementor-invisible elementor-widget elementor-widget-servicebox\" data-id=\"5e7a402\" data-element_type=\"widget\" data-settings=\"{&quot;_animation&quot;:&quot;fadeInUp&quot;}\" data-widget_type=\"servicebox.default\">\n\t\t\t\t<div class=\"elementor-widget-container\">\n\t\t\t\t\t\r\n\t\t\t\t<div class=\"service-section-two\">\r\n\t\t\t<div class=\"rt-fin-service-box-2\">\r\n\t\t\t\t<h3 class=\"title text-center\">Servicios de Intalaci\u00f3n<\/h3>\r\n\t\t\t\t<div class=\"image-box position-relative\">\r\n\t\t\t\t\t<div class=\"item-img overflow-hidden position-relative\"> \r\n\t\t\t\t\t\t<a href=\"#\">\r\n\t\t\t\t\t\t\t<img decoding=\"async\" src=\"https:\/\/greengardenbarcelona.com\/wp-content\/uploads\/2025\/05\/CAMPO-BASCULA-BCN-2.webp\" alt=\"\">\r\n\t\t\t\t\t\t<\/a>\r\n\t\t\t\t\t<\/div>\r\n\t\t\t\t\t<div class=\"sthemeit-box-number\">\r\n\t\t\t\t\t\t<span>Ir<\/span>\r\n\t\t\t\t\t<\/div>\r\n\t\t\t\t<\/div>\r\n\t\t\t\t<div class=\"item-content text-center\">\r\n\t\t\t\t\t<p>Ofrecemos un servicio de instalaci\u00f3n profesional y eficiente, asegurando que tu c\u00e9sped deportivo quede perfectamente instalado para un rendimiento \u00f3ptimo y duradero, sin complicaciones ni retrasos.<\/p>\r\n\t\t\t\t\t<div class=\"fin-button\">\r\n\t\t\t\t\t\t<a href=\"#\" class=\"fin-btn\">Ver detalles\t\t\t\t\t\t\t<svg xmlns=\"http:\/\/www.w3.org\/2000\/svg\" width=\"20px\" height=\"20px\" viewBox=\"0 0 24 24\">\r\n\t\t\t\t\t\t\t<path fill=\"currentColor\" d=\"M11.998 23.997c-6.617 0-11.999-5.383-11.999-11.999 0-6.616 5.382-11.999 11.999-11.999 6.616 0 11.999 5.383 11.999 11.999 0 6.616-5.383 11.999-11.999 11.999Zm0-21.816c-5.414 0-9.818 4.404-9.818 9.817 0 5.414 4.404 9.817 9.818 9.817 5.413 0 9.817-4.403 9.817-9.817 0-5.413-4.404-9.817-9.817-9.817Zm5.37 10.234a1.11 1.11 0 0 1-.237.355l-4.362 4.362c-.213.214-.492.32-.771.32a1.09 1.09 0 0 1-.772-1.862l2.502-2.501H7.634a1.092 1.092 0 0 1 0-2.182h6.094l-2.502-2.501a1.091 1.091 0 0 1 1.543-1.543l4.362 4.363a1.095 1.095 0 0 1 .237 1.189Z\"><\/path>\r\n\t\t\t\t\t\t\t<\/svg>\r\n\t\t\t\t\t\t<\/a>\r\n\t\t\t\t\t<\/div>\r\n\t\t\t\t<\/div>\r\n\t\t\t<\/div>\r\n\t\t<\/div>\r\n\r\n\t\t\t\t\t\t<\/div>\n\t\t\t\t<\/div>\n\t\t\t\t<\/div>\n\t\t<div class=\"elementor-element elementor-element-5287607 e-con-full e-flex e-con e-child\" data-id=\"5287607\" data-element_type=\"container\">\n\t\t\t\t<div data-premium-element-link=\"{&quot;type&quot;:&quot;link&quot;,&quot;link&quot;:null,&quot;href&quot;:&quot;https:\\\/\\\/greengardenbarcelona.com\\\/en\\\/tipos-cesped\\\/&quot;}\" style=\"cursor: pointer\" class=\"elementor-element elementor-element-332a0a5 premium-wrapper-link-yes elementor-invisible elementor-widget elementor-widget-servicebox\" data-id=\"332a0a5\" data-element_type=\"widget\" data-settings=\"{&quot;_animation&quot;:&quot;fadeInUp&quot;}\" data-widget_type=\"servicebox.default\">\n\t\t\t\t<div class=\"elementor-widget-container\">\n\t\t\t\t\t\r\n\t\t\t\t<div class=\"service-section-two\">\r\n\t\t\t<div class=\"rt-fin-service-box-2\">\r\n\t\t\t\t<h3 class=\"title text-center\">Tipos de C\u00e9sped<\/h3>\r\n\t\t\t\t<div class=\"image-box position-relative\">\r\n\t\t\t\t\t<div class=\"item-img overflow-hidden position-relative\"> \r\n\t\t\t\t\t\t<a href=\"#\">\r\n\t\t\t\t\t\t\t<img decoding=\"async\" src=\"https:\/\/greengardenbarcelona.com\/wp-content\/uploads\/2025\/05\/20130716_134413.webp\" alt=\"\">\r\n\t\t\t\t\t\t<\/a>\r\n\t\t\t\t\t<\/div>\r\n\t\t\t\t\t<div class=\"sthemeit-box-number\">\r\n\t\t\t\t\t\t<span>Ir<\/span>\r\n\t\t\t\t\t<\/div>\r\n\t\t\t\t<\/div>\r\n\t\t\t\t<div class=\"item-content text-center\">\r\n\t\t\t\t\t<p>Descubre la variedad de c\u00e9sped que mejor se adapta a tus necesidades: desde c\u00e9sped natural resistente al calor y la sequ\u00eda, hasta opciones para sombra o \u00e1reas deportivas, garantizando siempre calidad y durabilidad.<\/p>\r\n\t\t\t\t\t<div class=\"fin-button\">\r\n\t\t\t\t\t\t<a href=\"#\" class=\"fin-btn\">Ver Detalles\t\t\t\t\t\t\t<svg xmlns=\"http:\/\/www.w3.org\/2000\/svg\" width=\"20px\" height=\"20px\" viewBox=\"0 0 24 24\">\r\n\t\t\t\t\t\t\t<path fill=\"currentColor\" d=\"M11.998 23.997c-6.617 0-11.999-5.383-11.999-11.999 0-6.616 5.382-11.999 11.999-11.999 6.616 0 11.999 5.383 11.999 11.999 0 6.616-5.383 11.999-11.999 11.999Zm0-21.816c-5.414 0-9.818 4.404-9.818 9.817 0 5.414 4.404 9.817 9.818 9.817 5.413 0 9.817-4.403 9.817-9.817 0-5.413-4.404-9.817-9.817-9.817Zm5.37 10.234a1.11 1.11 0 0 1-.237.355l-4.362 4.362c-.213.214-.492.32-.771.32a1.09 1.09 0 0 1-.772-1.862l2.502-2.501H7.634a1.092 1.092 0 0 1 0-2.182h6.094l-2.502-2.501a1.091 1.091 0 0 1 1.543-1.543l4.362 4.363a1.095 1.095 0 0 1 .237 1.189Z\"><\/path>\r\n\t\t\t\t\t\t\t<\/svg>\r\n\t\t\t\t\t\t<\/a>\r\n\t\t\t\t\t<\/div>\r\n\t\t\t\t<\/div>\r\n\t\t\t<\/div>\r\n\t\t<\/div>\r\n\r\n\t\t\t\t\t\t<\/div>\n\t\t\t\t<\/div>\n\t\t\t\t<\/div>\n\t\t<div class=\"elementor-element elementor-element-cbb617d e-con-full e-flex e-con e-child\" data-id=\"cbb617d\" data-element_type=\"container\">\n\t\t\t\t<div class=\"elementor-element elementor-element-494d5cf elementor-invisible elementor-widget elementor-widget-servicebox\" data-id=\"494d5cf\" data-element_type=\"widget\" data-settings=\"{&quot;_animation&quot;:&quot;fadeInUp&quot;}\" data-widget_type=\"servicebox.default\">\n\t\t\t\t<div class=\"elementor-widget-container\">\n\t\t\t\t\t\r\n\t\t\t\t<div class=\"service-section-two\">\r\n\t\t\t<div class=\"rt-fin-service-box-2\">\r\n\t\t\t\t<h3 class=\"title text-center\">Contactanos<\/h3>\r\n\t\t\t\t<div class=\"image-box position-relative\">\r\n\t\t\t\t\t<div class=\"item-img overflow-hidden position-relative\"> \r\n\t\t\t\t\t\t<a href=\"\/contactar\/\">\r\n\t\t\t\t\t\t\t<img decoding=\"async\" src=\"https:\/\/greengardenbarcelona.com\/wp-content\/uploads\/2025\/05\/equipo-1.webp\" alt=\"\">\r\n\t\t\t\t\t\t<\/a>\r\n\t\t\t\t\t<\/div>\r\n\t\t\t\t\t<div class=\"sthemeit-box-number\">\r\n\t\t\t\t\t\t<span>Ir<\/span>\r\n\t\t\t\t\t<\/div>\r\n\t\t\t\t<\/div>\r\n\t\t\t\t<div class=\"item-content text-center\">\r\n\t\t\t\t\t<p>\u00bfListo para transformar tu espacio con c\u00e9sped artificial de alta calidad? Estamos aqu\u00ed para ayudarte en cada paso del proceso, desde la elecci\u00f3n del producto ideal hasta la instalaci\u00f3n profesional y asesor\u00eda.<\/p>\r\n\t\t\t\t\t<div class=\"fin-button\">\r\n\t\t\t\t\t\t<a href=\"\/contactar\/\" class=\"fin-btn\">ver detalles\t\t\t\t\t\t\t<svg xmlns=\"http:\/\/www.w3.org\/2000\/svg\" width=\"20px\" height=\"20px\" viewBox=\"0 0 24 24\">\r\n\t\t\t\t\t\t\t<path fill=\"currentColor\" d=\"M11.998 23.997c-6.617 0-11.999-5.383-11.999-11.999 0-6.616 5.382-11.999 11.999-11.999 6.616 0 11.999 5.383 11.999 11.999 0 6.616-5.383 11.999-11.999 11.999Zm0-21.816c-5.414 0-9.818 4.404-9.818 9.817 0 5.414 4.404 9.817 9.818 9.817 5.413 0 9.817-4.403 9.817-9.817 0-5.413-4.404-9.817-9.817-9.817Zm5.37 10.234a1.11 1.11 0 0 1-.237.355l-4.362 4.362c-.213.214-.492.32-.771.32a1.09 1.09 0 0 1-.772-1.862l2.502-2.501H7.634a1.092 1.092 0 0 1 0-2.182h6.094l-2.502-2.501a1.091 1.091 0 0 1 1.543-1.543l4.362 4.363a1.095 1.095 0 0 1 .237 1.189Z\"><\/path>\r\n\t\t\t\t\t\t\t<\/svg>\r\n\t\t\t\t\t\t<\/a>\r\n\t\t\t\t\t<\/div>\r\n\t\t\t\t<\/div>\r\n\t\t\t<\/div>\r\n\t\t<\/div>\r\n\r\n\t\t\t\t\t\t<\/div>\n\t\t\t\t<\/div>\n\t\t\t\t<\/div>\n\t\t\t\t\t<\/div>\n\t\t\t\t<\/div>\n\t\t<div class=\"elementor-element elementor-element-4d3a1aa e-flex e-con-boxed e-con e-parent\" data-id=\"4d3a1aa\" data-element_type=\"container\">\n\t\t\t\t\t<div class=\"e-con-inner\">\n\t\t\t\t<div data-premium-element-link=\"{&quot;type&quot;:&quot;url&quot;,&quot;link&quot;:{&quot;url&quot;:&quot;https:\\\/\\\/www.tencate.com\\\/&quot;,&quot;is_external&quot;:&quot;&quot;,&quot;nofollow&quot;:&quot;&quot;,&quot;custom_attributes&quot;:&quot;&quot;},&quot;href&quot;:&quot;https:\\\/\\\/www.tencate.com\\\/&quot;}\" style=\"cursor: pointer\" class=\"elementor-element elementor-element-3d87b6b premium-wrapper-link-yes elementor-invisible elementor-widget elementor-widget-image\" data-id=\"3d87b6b\" data-element_type=\"widget\" data-settings=\"{&quot;_animation&quot;:&quot;fadeInLeft&quot;}\" data-widget_type=\"image.default\">\n\t\t\t\t<div class=\"elementor-widget-container\">\n\t\t\t\t\t\t\t\t\t\t\t\t\t\t\t<img decoding=\"async\" width=\"300\" height=\"236\" src=\"https:\/\/greengardenbarcelona.com\/wp-content\/uploads\/2025\/05\/tencate-300x236.webp\" class=\"attachment-medium size-medium wp-image-2732\" alt=\"\" srcset=\"https:\/\/greengardenbarcelona.com\/wp-content\/uploads\/2025\/05\/tencate-300x236.webp 300w, https:\/\/greengardenbarcelona.com\/wp-content\/uploads\/2025\/05\/tencate.webp 357w\" sizes=\"(max-width: 300px) 100vw, 300px\" \/>\t\t\t\t\t\t\t\t\t\t\t\t\t\t\t<\/div>\n\t\t\t\t<\/div>\n\t\t\t\t\t<\/div>\n\t\t\t\t<\/div>\n\t\t\t\t<\/div>\n\t\t","protected":false},"excerpt":{"rendered":"<p>Green Garden Barcelona Scroll Down Servicios de Intalaci\u00f3n Ir Ofrecemos un servicio de instalaci\u00f3n profesional y eficiente, asegurando que tu c\u00e9sped deportivo quede perfectamente instalado para un rendimiento \u00f3ptimo y duradero, sin complicaciones ni retrasos. Ver detalles Tipos de C\u00e9sped Ir Descubre la variedad de c\u00e9sped que mejor se adapta a tus necesidades: desde c\u00e9sped [&hellip;]<\/p>\n","protected":false},"author":2,"featured_media":0,"parent":0,"menu_order":0,"comment_status":"closed","ping_status":"closed","template":"page-templates\/template-default.php","meta":{"footnotes":""},"class_list":["post-1287","page","type-page","status-publish","hentry"],"_links":{"self":[{"href":"https:\/\/greengardenbarcelona.com\/en\/wp-json\/wp\/v2\/pages\/1287","targetHints":{"allow":["GET"]}}],"collection":[{"href":"https:\/\/greengardenbarcelona.com\/en\/wp-json\/wp\/v2\/pages"}],"about":[{"href":"https:\/\/greengardenbarcelona.com\/en\/wp-json\/wp\/v2\/types\/page"}],"author":[{"embeddable":true,"href":"https:\/\/greengardenbarcelona.com\/en\/wp-json\/wp\/v2\/users\/2"}],"replies":[{"embeddable":true,"href":"https:\/\/greengardenbarcelona.com\/en\/wp-json\/wp\/v2\/comments?post=1287"}],"version-history":[{"count":3,"href":"https:\/\/greengardenbarcelona.com\/en\/wp-json\/wp\/v2\/pages\/1287\/revisions"}],"predecessor-version":[{"id":2800,"href":"https:\/\/greengardenbarcelona.com\/en\/wp-json\/wp\/v2\/pages\/1287\/revisions\/2800"}],"wp:attachment":[{"href":"https:\/\/greengardenbarcelona.com\/en\/wp-json\/wp\/v2\/media?parent=1287"}],"curies":[{"name":"wp","href":"https:\/\/api.w.org\/{rel}","templated":true}]}}