{"id":1507,"date":"2025-02-21T09:01:31","date_gmt":"2025-02-21T09:01:31","guid":{"rendered":"https:\/\/dev2.greengardenbarcelona.com\/?page_id=1507"},"modified":"2025-04-14T07:49:22","modified_gmt":"2025-04-14T07:49:22","slug":"urbano","status":"publish","type":"page","link":"https:\/\/greengardenbarcelona.com\/en\/urbano\/","title":{"rendered":"Urbanos"},"content":{"rendered":"\t\t<div data-elementor-type=\"wp-page\" data-elementor-id=\"1507\" class=\"elementor elementor-1507\" data-elementor-post-type=\"page\">\n\t\t\t\t<div class=\"elementor-element elementor-element-b7ce447 e-flex e-con-boxed e-con e-parent\" data-id=\"b7ce447\" data-element_type=\"container\">\n\t\t\t\t\t<div class=\"e-con-inner\">\n\t\t\t\t<div class=\"elementor-element elementor-element-7e088d1 elementor-widget elementor-widget-sectiontitle\" data-id=\"7e088d1\" data-element_type=\"widget\" data-widget_type=\"sectiontitle.default\">\n\t\t\t\t<div class=\"elementor-widget-container\">\n\t\t\t\t\t\r\n\t\t\r\n\t\t\t<div class=\"section-title t_left\">\r\n                 \r\n                        <h5>Servicios de Instalaci\u00f3n<\/h5>\r\n                \t\t\t\t  \r\n                       <h1>Urbanos<\/h1>\r\n                                 \r\n                        <p>Convierte tu jard\u00edn en un espacio verde y perfecto todo el a\u00f1o con c\u00e9sped artificial de alta calidad. Resistente al sol, al hielo y al cloro, ideal para piscinas, mascotas y comunidades. Disfruta de su durabilidad con garant\u00eda de 10 a\u00f1os.<\/p>\r\n                \t\t\t<\/div>\t\r\n\r\n\t\t\r\n\t\t\t\t\t\t<\/div>\n\t\t\t\t<\/div>\n\t\t\t\t\t<\/div>\n\t\t\t\t<\/div>\n\t\t<div class=\"elementor-element elementor-element-078ac1c e-flex e-con-boxed e-con e-parent\" data-id=\"078ac1c\" data-element_type=\"container\">\n\t\t\t\t\t<div class=\"e-con-inner\">\n\t\t\t\t<div class=\"elementor-element elementor-element-d034159 elementor-widget elementor-widget-gallery\" data-id=\"d034159\" data-element_type=\"widget\" data-settings=\"{&quot;lazyload&quot;:&quot;yes&quot;,&quot;gallery_layout&quot;:&quot;grid&quot;,&quot;columns&quot;:4,&quot;columns_tablet&quot;:2,&quot;columns_mobile&quot;:1,&quot;gap&quot;:{&quot;unit&quot;:&quot;px&quot;,&quot;size&quot;:10,&quot;sizes&quot;:[]},&quot;gap_tablet&quot;:{&quot;unit&quot;:&quot;px&quot;,&quot;size&quot;:10,&quot;sizes&quot;:[]},&quot;gap_mobile&quot;:{&quot;unit&quot;:&quot;px&quot;,&quot;size&quot;:10,&quot;sizes&quot;:[]},&quot;link_to&quot;:&quot;file&quot;,&quot;aspect_ratio&quot;:&quot;3:2&quot;,&quot;overlay_background&quot;:&quot;yes&quot;,&quot;content_hover_animation&quot;:&quot;fade-in&quot;}\" data-widget_type=\"gallery.default\">\n\t\t\t\t<div class=\"elementor-widget-container\">\n\t\t\t\t\t\t\t<div class=\"elementor-gallery__container\">\n\t\t\t\t\t\t\t<a class=\"e-gallery-item elementor-gallery-item elementor-animated-content\" href=\"https:\/\/greengardenbarcelona.com\/wp-content\/uploads\/2025\/03\/DSCN2890-2.jpg\" data-elementor-open-lightbox=\"yes\" data-elementor-lightbox-slideshow=\"d034159\" data-elementor-lightbox-title=\"DSCN2890\" data-e-action-hash=\"#elementor-action%3Aaction%3Dlightbox%26settings%3DeyJpZCI6MTgwMSwidXJsIjoiaHR0cHM6XC9cL2dyZWVuZ2FyZGVuYmFyY2Vsb25hLmNvbVwvd3AtY29udGVudFwvdXBsb2Fkc1wvMjAyNVwvMDNcL0RTQ04yODkwLTIuanBnIiwic2xpZGVzaG93IjoiZDAzNDE1OSJ9\">\n\t\t\t\t\t<div class=\"e-gallery-image elementor-gallery-item__image\" data-thumbnail=\"https:\/\/greengardenbarcelona.com\/wp-content\/uploads\/2025\/03\/DSCN2890-2-300x225.jpg\" data-width=\"300\" data-height=\"225\" aria-label=\"\" role=\"img\" ><\/div>\n\t\t\t\t\t\t\t\t\t\t\t<div class=\"elementor-gallery-item__overlay\"><\/div>\n\t\t\t\t\t\t\t\t\t\t\t\t\t\t<\/a>\n\t\t\t\t\t\t\t<a class=\"e-gallery-item elementor-gallery-item elementor-animated-content\" href=\"https:\/\/greengardenbarcelona.com\/wp-content\/uploads\/2025\/03\/IMG_20210824_121949-1-scaled.jpg\" data-elementor-open-lightbox=\"yes\" data-elementor-lightbox-slideshow=\"d034159\" data-elementor-lightbox-title=\"IMG_20210824_121949\" data-e-action-hash=\"#elementor-action%3Aaction%3Dlightbox%26settings%3DeyJpZCI6MTgwMiwidXJsIjoiaHR0cHM6XC9cL2dyZWVuZ2FyZGVuYmFyY2Vsb25hLmNvbVwvd3AtY29udGVudFwvdXBsb2Fkc1wvMjAyNVwvMDNcL0lNR18yMDIxMDgyNF8xMjE5NDktMS1zY2FsZWQuanBnIiwic2xpZGVzaG93IjoiZDAzNDE1OSJ9\">\n\t\t\t\t\t<div class=\"e-gallery-image elementor-gallery-item__image\" data-thumbnail=\"https:\/\/greengardenbarcelona.com\/wp-content\/uploads\/2025\/03\/IMG_20210824_121949-1-300x138.jpg\" data-width=\"300\" data-height=\"138\" aria-label=\"\" role=\"img\" ><\/div>\n\t\t\t\t\t\t\t\t\t\t\t<div class=\"elementor-gallery-item__overlay\"><\/div>\n\t\t\t\t\t\t\t\t\t\t\t\t\t\t<\/a>\n\t\t\t\t\t\t\t<a class=\"e-gallery-item elementor-gallery-item elementor-animated-content\" href=\"https:\/\/greengardenbarcelona.com\/wp-content\/uploads\/2025\/03\/IMG-20160226-WA0011-1.jpg\" data-elementor-open-lightbox=\"yes\" data-elementor-lightbox-slideshow=\"d034159\" data-elementor-lightbox-title=\"IMG-20160226-WA0011\" data-e-action-hash=\"#elementor-action%3Aaction%3Dlightbox%26settings%3DeyJpZCI6MTgwMywidXJsIjoiaHR0cHM6XC9cL2dyZWVuZ2FyZGVuYmFyY2Vsb25hLmNvbVwvd3AtY29udGVudFwvdXBsb2Fkc1wvMjAyNVwvMDNcL0lNRy0yMDE2MDIyNi1XQTAwMTEtMS5qcGciLCJzbGlkZXNob3ciOiJkMDM0MTU5In0%3D\">\n\t\t\t\t\t<div class=\"e-gallery-image elementor-gallery-item__image\" data-thumbnail=\"https:\/\/greengardenbarcelona.com\/wp-content\/uploads\/2025\/03\/IMG-20160226-WA0011-1-300x169.jpg\" data-width=\"300\" data-height=\"169\" aria-label=\"\" role=\"img\" ><\/div>\n\t\t\t\t\t\t\t\t\t\t\t<div class=\"elementor-gallery-item__overlay\"><\/div>\n\t\t\t\t\t\t\t\t\t\t\t\t\t\t<\/a>\n\t\t\t\t\t\t\t<a class=\"e-gallery-item elementor-gallery-item elementor-animated-content\" href=\"https:\/\/greengardenbarcelona.com\/wp-content\/uploads\/2025\/03\/parque-3.jpg\" data-elementor-open-lightbox=\"yes\" data-elementor-lightbox-slideshow=\"d034159\" data-elementor-lightbox-title=\"parque\" data-e-action-hash=\"#elementor-action%3Aaction%3Dlightbox%26settings%3DeyJpZCI6MTgwNCwidXJsIjoiaHR0cHM6XC9cL2dyZWVuZ2FyZGVuYmFyY2Vsb25hLmNvbVwvd3AtY29udGVudFwvdXBsb2Fkc1wvMjAyNVwvMDNcL3BhcnF1ZS0zLmpwZyIsInNsaWRlc2hvdyI6ImQwMzQxNTkifQ%3D%3D\">\n\t\t\t\t\t<div class=\"e-gallery-image elementor-gallery-item__image\" data-thumbnail=\"https:\/\/greengardenbarcelona.com\/wp-content\/uploads\/2025\/03\/parque-3-300x225.jpg\" data-width=\"300\" data-height=\"225\" aria-label=\"\" role=\"img\" ><\/div>\n\t\t\t\t\t\t\t\t\t\t\t<div class=\"elementor-gallery-item__overlay\"><\/div>\n\t\t\t\t\t\t\t\t\t\t\t\t\t\t<\/a>\n\t\t\t\t\t\t\t<a class=\"e-gallery-item elementor-gallery-item elementor-animated-content\" href=\"https:\/\/greengardenbarcelona.com\/wp-content\/uploads\/2025\/03\/rotonda-2.jpg\" data-elementor-open-lightbox=\"yes\" data-elementor-lightbox-slideshow=\"d034159\" data-elementor-lightbox-title=\"rotonda 2\" data-e-action-hash=\"#elementor-action%3Aaction%3Dlightbox%26settings%3DeyJpZCI6MTgwNSwidXJsIjoiaHR0cHM6XC9cL2dyZWVuZ2FyZGVuYmFyY2Vsb25hLmNvbVwvd3AtY29udGVudFwvdXBsb2Fkc1wvMjAyNVwvMDNcL3JvdG9uZGEtMi5qcGciLCJzbGlkZXNob3ciOiJkMDM0MTU5In0%3D\">\n\t\t\t\t\t<div class=\"e-gallery-image elementor-gallery-item__image\" data-thumbnail=\"https:\/\/greengardenbarcelona.com\/wp-content\/uploads\/2025\/03\/rotonda-2-300x225.jpg\" data-width=\"300\" data-height=\"225\" aria-label=\"\" role=\"img\" ><\/div>\n\t\t\t\t\t\t\t\t\t\t\t<div class=\"elementor-gallery-item__overlay\"><\/div>\n\t\t\t\t\t\t\t\t\t\t\t\t\t\t<\/a>\n\t\t\t\t\t\t\t<a class=\"e-gallery-item elementor-gallery-item elementor-animated-content\" href=\"https:\/\/greengardenbarcelona.com\/wp-content\/uploads\/2025\/03\/WAFF-1-scaled.jpg\" data-elementor-open-lightbox=\"yes\" data-elementor-lightbox-slideshow=\"d034159\" data-elementor-lightbox-title=\"OLYMPUS DIGITAL CAMERA\" data-e-action-hash=\"#elementor-action%3Aaction%3Dlightbox%26settings%3DeyJpZCI6MTgwNiwidXJsIjoiaHR0cHM6XC9cL2dyZWVuZ2FyZGVuYmFyY2Vsb25hLmNvbVwvd3AtY29udGVudFwvdXBsb2Fkc1wvMjAyNVwvMDNcL1dBRkYtMS1zY2FsZWQuanBnIiwic2xpZGVzaG93IjoiZDAzNDE1OSJ9\">\n\t\t\t\t\t<div class=\"e-gallery-image elementor-gallery-item__image\" data-thumbnail=\"https:\/\/greengardenbarcelona.com\/wp-content\/uploads\/2025\/03\/WAFF-1-300x225.jpg\" data-width=\"300\" data-height=\"225\" aria-label=\"\" role=\"img\" ><\/div>\n\t\t\t\t\t\t\t\t\t\t\t<div class=\"elementor-gallery-item__overlay\"><\/div>\n\t\t\t\t\t\t\t\t\t\t\t\t\t\t<\/a>\n\t\t\t\t\t\t\t<a class=\"e-gallery-item elementor-gallery-item elementor-animated-content\" href=\"https:\/\/greengardenbarcelona.com\/wp-content\/uploads\/2025\/03\/IMG_20221222_101218-scaled.jpg\" data-elementor-open-lightbox=\"yes\" data-elementor-lightbox-slideshow=\"d034159\" data-elementor-lightbox-title=\"IMG_20221222_101218\" data-e-action-hash=\"#elementor-action%3Aaction%3Dlightbox%26settings%3DeyJpZCI6MTkxNSwidXJsIjoiaHR0cHM6XC9cL2dyZWVuZ2FyZGVuYmFyY2Vsb25hLmNvbVwvd3AtY29udGVudFwvdXBsb2Fkc1wvMjAyNVwvMDNcL0lNR18yMDIyMTIyMl8xMDEyMTgtc2NhbGVkLmpwZyIsInNsaWRlc2hvdyI6ImQwMzQxNTkifQ%3D%3D\">\n\t\t\t\t\t<div class=\"e-gallery-image elementor-gallery-item__image\" data-thumbnail=\"https:\/\/greengardenbarcelona.com\/wp-content\/uploads\/2025\/03\/IMG_20221222_101218-300x135.jpg\" data-width=\"300\" data-height=\"135\" aria-label=\"\" role=\"img\" ><\/div>\n\t\t\t\t\t\t\t\t\t\t\t<div class=\"elementor-gallery-item__overlay\"><\/div>\n\t\t\t\t\t\t\t\t\t\t\t\t\t\t<\/a>\n\t\t\t\t\t<\/div>\n\t\t\t\t\t<\/div>\n\t\t\t\t<\/div>\n\t\t\t\t\t<\/div>\n\t\t\t\t<\/div>\n\t\t\t\t<\/div>\n\t\t","protected":false},"excerpt":{"rendered":"<p>Servicios de Instalaci\u00f3n Urbanos Convierte tu jard\u00edn en un espacio verde y perfecto todo el a\u00f1o con c\u00e9sped artificial de alta calidad. Resistente al sol, al hielo y al cloro, ideal para piscinas, mascotas y comunidades. Disfruta de su durabilidad con garant\u00eda de 10 a\u00f1os.<\/p>\n","protected":false},"author":2,"featured_media":0,"parent":0,"menu_order":0,"comment_status":"closed","ping_status":"closed","template":"page-templates\/template-default.php","meta":{"footnotes":""},"class_list":["post-1507","page","type-page","status-publish","hentry"],"_links":{"self":[{"href":"https:\/\/greengardenbarcelona.com\/en\/wp-json\/wp\/v2\/pages\/1507","targetHints":{"allow":["GET"]}}],"collection":[{"href":"https:\/\/greengardenbarcelona.com\/en\/wp-json\/wp\/v2\/pages"}],"about":[{"href":"https:\/\/greengardenbarcelona.com\/en\/wp-json\/wp\/v2\/types\/page"}],"author":[{"embeddable":true,"href":"https:\/\/greengardenbarcelona.com\/en\/wp-json\/wp\/v2\/users\/2"}],"replies":[{"embeddable":true,"href":"https:\/\/greengardenbarcelona.com\/en\/wp-json\/wp\/v2\/comments?post=1507"}],"version-history":[{"count":0,"href":"https:\/\/greengardenbarcelona.com\/en\/wp-json\/wp\/v2\/pages\/1507\/revisions"}],"wp:attachment":[{"href":"https:\/\/greengardenbarcelona.com\/en\/wp-json\/wp\/v2\/media?parent=1507"}],"curies":[{"name":"wp","href":"https:\/\/api.w.org\/{rel}","templated":true}]}}