{"id":2386,"date":"2025-04-19T14:31:58","date_gmt":"2025-04-19T12:31:58","guid":{"rendered":"https:\/\/dev2.greengardenbarcelona.com\/politica-de-cookies\/"},"modified":"2025-04-19T14:31:58","modified_gmt":"2025-04-19T12:31:58","slug":"politica-de-cookies","status":"publish","type":"page","link":"https:\/\/greengardenbarcelona.com\/fi\/politica-de-cookies\/","title":{"rendered":"Pol\u00edtica de cookies"},"content":{"rendered":"\n<!-- Legal document generated by Complianz | GDPR\/CCPA Cookie Consent https:\/\/wordpress.org\/plugins\/complianz-gdpr -->\n<div id=\"cmplz-document\" class=\"cmplz-document cookie-statement cmplz-document-eu\"><p><i>T\u00e4m\u00e4 ev\u00e4stek\u00e4yt\u00e4nt\u00f6 p\u00e4ivitettiin viimeksi huhtikuu 19, 2025, ja se koskee Euroopan talousalueen ja Sveitsin pysyv\u00e4sti asuvia kansalaisia.<\/i><br><\/p><h2>1. Esittely<\/h2><p>Verkkosivustomme, <a href=\"https:\/\/greengardenbarcelona.com\/fi\">https:\/\/greengardenbarcelona.com\/fi<\/a> (j\u00e4ljemp\u00e4n\u00e4: \u201cverkkosivusto\u201d) hy\u00f6dynt\u00e4\u00e4 ev\u00e4steit\u00e4 ja muita niihin liittyvi\u00e4 tekniikoita (k\u00e4yt\u00e4nn\u00f6llisist\u00e4 syist\u00e4 viittaamme kaikkiin tekniikoihin \u201cev\u00e4stein\u00e4\u201d). Ev\u00e4steit\u00e4 asettavat my\u00f6s kolmannet osapuolet, joiden kanssa teemme yhteisty\u00f6t\u00e4. Alla olevassa asiakirjassa kerromme verkkosivustomme k\u00e4ytt\u00e4mist\u00e4 ev\u00e4steist\u00e4.<\/p><h2>2. Mit\u00e4 ovat ev\u00e4steet?<\/h2><p>Ev\u00e4ste on pieni yksinkertainen tiedosto, joka l\u00e4hetet\u00e4\u00e4n verkkosivujen mukana ja jonka selaimesi tallentaa tietokoneesi tai muun laitteesi kovalevylle. Siihen tallennettu tieto voidaan palauttaa palvelimillemme tai asiaankuuluvien kolmansien osapuolien palvelimille seuraavan vierailun yhteydess\u00e4.<\/p><h2>3. Mit\u00e4 ovat komentosarjat?<\/h2><p>Komentosarja on ohjelmointikoodia, jonka avulla verkkosivustomme toimii oikein ja interaktiivisesti. T\u00e4m\u00e4 koodi suoritetaan joko palvelimellamme tai laitteellasi.<\/p><h2>4. Mik\u00e4 on verkkoj\u00e4ljite?<\/h2><p>Verkkoj\u00e4ljite (tai pixel tagi) on pieni, verkkosivustolla oleva n\u00e4kym\u00e4t\u00f6n teksti tai kuva, jota k\u00e4ytet\u00e4\u00e4n verkkosivuston liikenteen seuraamiseen. T\u00e4m\u00e4 toteutetaan tallentamalla sinusta erin\u00e4isi\u00e4 tietoja verkkoj\u00e4ljitteit\u00e4 k\u00e4ytt\u00e4m\u00e4ll\u00e4.<\/p><h2>5. Ev\u00e4steet<\/h2><p class=\"cmplz-subtitle\">5.1 Tekniset tai toiminnalliset ev\u00e4steet<\/p><p>Jotkut ev\u00e4steet varmistavat, ett\u00e4 tietyt verkkosivuston osat toimivat oikein ja ett\u00e4 k\u00e4ytt\u00e4j\u00e4asetukset pysyv\u00e4t tiedossa. Asettamalla toiminnallisia ev\u00e4steit\u00e4 helpotamme verkkosivustollamme vierailua. N\u00e4in sinun ei tarvitse toistuvasti sy\u00f6tt\u00e4\u00e4 samoja tietoja vieraillessasi verkkosivuillamme ja esimerkiksi tuotteet s\u00e4ilyv\u00e4t ostoskorissasi, kunnes olet maksanut. Saatamme asettaa n\u00e4m\u00e4 ev\u00e4steet ilman suostumustasi.<\/p><p class=\"cmplz-subtitle\">5.2 Markkinointi-\/seurantaev\u00e4steet<\/p><p>Markkinointi-\/seurantaev\u00e4steet ovat ev\u00e4steit\u00e4 tai mit\u00e4 tahansa muuta paikallista tallennusmuotoa, joita k\u00e4ytet\u00e4\u00e4n k\u00e4ytt\u00e4j\u00e4profiilien luomiseen mainonnan n\u00e4ytt\u00e4miseksi tai k\u00e4ytt\u00e4j\u00e4n seuraamiseksi t\u00e4ll\u00e4 verkkosivustolla tai useilla verkkosivustoilla vastaavia markkinointitarkoituksia varten.<\/p><p class=\"cmplz-subtitle\">5.3 Sosiaalinen media<\/p><p>Verkkosivuillemme on lis\u00e4tty sis\u00e4lt\u00f6\u00e4, jonka avulla voit mainostaa verkkosivuja (esim. \"tykk\u00e4\u00e4\", \"kiinnit\u00e4\") tai jakaa (esim. \"twiittaa\") sosiaalisissa verkostoissa. T\u00e4h\u00e4n sis\u00e4lt\u00f6\u00f6n on upotettu kolmansilta osapuolilta per\u00e4isin olevaa koodia, ja se asettaa ev\u00e4steit\u00e4. T\u00e4m\u00e4 sis\u00e4lt\u00f6 saattaa tallentaa ja k\u00e4sitell\u00e4 tiettyj\u00e4 tietoja henkil\u00f6kohtaista mainontaa varten.<\/p><p>Lue n\u00e4iden sosiaalisten verkostojen tietosuojalausunto (joka voi muuttua s\u00e4\u00e4nn\u00f6llisesti) lukeaksesi, mit\u00e4 he tekev\u00e4t (henkil\u00f6kohtaisilla) tiedoillasi, joita he k\u00e4sittelev\u00e4t n\u00e4iden ev\u00e4steiden avulla. Haettavat tiedot anonymisoidaan mahdollisimman paljon.<\/p><h2>6. Asetetut ev\u00e4steet<\/h2><div id=\"cmplz-cookies-overview\"><\/div><h2>7. Suostumus<\/h2><p>Kun vierailet verkkosivuillamme ensimm\u00e4isen kerran, n\u00e4et ponnahdusikkunan, joka antaa tietoa ev\u00e4steist\u00e4. Kun painat \u201cGuardar preferencias\u201d, annat meille suostumuksesi k\u00e4ytt\u00e4\u00e4 ponnahdusikkunassa valitsemiasi ev\u00e4steit\u00e4 ja ohjelmalis\u00e4kkeit\u00e4, jotka n\u00e4iss\u00e4 ev\u00e4stek\u00e4yt\u00e4nteiss\u00e4 esitell\u00e4\u00e4n. Voit ottaa ev\u00e4steet pois k\u00e4yt\u00f6st\u00e4 selaimellasi, mutta huomioi, ett\u00e4 verkkosivustomme ei sen j\u00e4lkeen v\u00e4ltt\u00e4m\u00e4tt\u00e4 en\u00e4\u00e4 toimi oikein.<\/p><p class=\"cmplz-subtitle\">7.1 Hallinnoi suostumusasetuksiasi<\/p><div id=\"cmplz-manage-consent-container-nojavascript\">Olet ladannut ev\u00e4stek\u00e4yt\u00e4nn\u00f6n ilman JavaScript-tukea.&nbsp;AMP:ssa voit k\u00e4ytt\u00e4\u00e4 hallinnoida suostumuspainiketta sivun alareunassa.<\/div><div id=\"cmplz-manage-consent-container\" class=\"cmplz-manage-consent-container\"><\/div><h2>8. Ev\u00e4steiden k\u00e4ytt\u00f6\u00f6notto\/hylk\u00e4\u00e4minen ja poistaminen<\/h2><p>Voit k\u00e4ytt\u00e4\u00e4 Internet-selaimesi ev\u00e4steiden poistamiseen automaattisesti tai manuaalisesti. Voit my\u00f6s m\u00e4\u00e4ritt\u00e4\u00e4, ett\u00e4 tiettyj\u00e4 ev\u00e4steit\u00e4 ei saa asettaa. Toinen vaihtoehto on muuttaa Internet-selaimesi asetuksia niin, ett\u00e4 saat viestin aina, kun ev\u00e4ste asetetaan. Lis\u00e4tietoja n\u00e4ist\u00e4 vaihtoehdoista on selaimesi Ohje-osion ohjeissa.<\/p><p>Huomaa, ett\u00e4 verkkosivustomme ei v\u00e4ltt\u00e4m\u00e4tt\u00e4 toimi kunnolla, jos kaikki ev\u00e4steet on poistettu k\u00e4yt\u00f6st\u00e4. Jos poistat ev\u00e4steet selaimestasi, ne sijoitetaan uudelleen suostumuksesi j\u00e4lkeen, kun vierailet uudelleen verkkosivuillamme.<\/p><h2>9. Henkil\u00f6tietoihin liittyv\u00e4t oikeutesi<\/h2><p>Sinulla on seuraavat oikeudet henkil\u00f6tietoihisi liittyen:<\/p><ul>\n                    <li>Sinulla on oikeus tiet\u00e4\u00e4, miksi henkil\u00f6tietojasi tarvitaan, mit\u00e4 niille tapahtuu ja kuinka kauan niit\u00e4 s\u00e4ilytet\u00e4\u00e4n.<\/li>\n                    <li>P\u00e4\u00e4syoikeus: Sinulla on oikeus p\u00e4\u00e4st\u00e4 k\u00e4siksi tietoihisi, jotka ovat tiedossamme.<\/li>\n                    <li>Oikeus oikaisuun: Sinulla on oikeus t\u00e4ydent\u00e4\u00e4, korjata, poistaa tai est\u00e4\u00e4 henkil\u00f6tietojasi milloin tahansa.<\/li>\n                    <li>Jos annat meille suostumuksesi tietojesi k\u00e4sittelyyn, sinulla on oikeus peruuttaa suostumuksesi ja pyyt\u00e4\u00e4 henkil\u00f6tietosi poistamista.<\/li>\n                    <li>Oikeus siirt\u00e4\u00e4 tietojasi: Sinulla on oikeus pyyt\u00e4\u00e4 kaikki henkil\u00f6tietosi rekisterinpit\u00e4j\u00e4lt\u00e4 ja siirt\u00e4\u00e4 ne kokonaisuudessaan toiselle rekisterinpit\u00e4j\u00e4lle.<\/li>\n                    <li>Oikeus vastustaa: voit vastustaa tietojesi k\u00e4sittely\u00e4. Noudatamme t\u00e4t\u00e4, ellei k\u00e4sittelyyn ole perusteltua syyt\u00e4.<\/li>\n                <\/ul><p>Jos haluat k\u00e4ytt\u00e4\u00e4 n\u00e4it\u00e4 oikeuksia, ota meihin yhteytt\u00e4. Katso t\u00e4m\u00e4n ev\u00e4stek\u00e4yt\u00e4nn\u00f6n alareunassa olevat yhteystiedot. Jos sinulla on valitus siit\u00e4, miten k\u00e4sittelemme tietojasi, haluaisimme kuulla sinusta, mutta sinulla on my\u00f6s oikeus tehd\u00e4 valitus valvontaviranomaiselle (tietosuojaviranomaiselle).<\/p><h2>10. Yhteystiedot<\/h2><p>Jos sinulla on kysytt\u00e4v\u00e4\u00e4 ja\/tai kommentteja ev\u00e4stek\u00e4yt\u00e4nn\u00f6st\u00e4mme ja t\u00e4st\u00e4 lausunnosta, ota meihin yhteytt\u00e4 k\u00e4ytt\u00e4m\u00e4ll\u00e4 seuraavia yhteystietoja:<\/p><p><span class=\"cmplz-contact-organisation\">Carlos L\u00f3pez Crespo<\/span><br>\n                      <span class=\"cmplz-contact-address\">Pol. Ind. Colonia G\u00fcell c\/ L n\u00ba71, Santa Coloma de Cervell\u00f3, Barcelona<\/span><br>\n                      <span class=\"cmplz-contact-country\">Espanja<\/span><br>\n                    Verkkosivusto: <span class=\"cmplz-contact-domain\"><a href=\"https:\/\/greengardenbarcelona.com\/fi\">https:\/\/greengardenbarcelona.com\/fi<\/a><\/span><br>\n                    S\u00e4hk\u00f6posti: <span class=\"cmplz-contact-email\"><span class=\"cmplz-obfuscate\">c&#097;r&#108;os@<span class=\"cmplz-fmail-domain\">&#101;&#120;.c&#111;&#109;<\/span>&#103;r&#101;&#101;&#110;&#103;a&#114;&#100;&#101;&#110;bar&#099;e&#108;o&#110;a&#046;c&#111;m<\/span><\/span><br>\n                    <span class=\"cmplz-contact-telephone\">Phone number: 666 49 82 60<\/span><\/p><p>N\u00e4m\u00e4 ev\u00e4stek\u00e4yt\u00e4nteet synkronoitiin <a href=\"https:\/\/cookiedatabase.org\/\" target=\"_blank\">cookiedatabase.org<\/a>-verkkosivuston kanssa toukokuu 21, 2025.<\/p><\/div>\n","protected":false},"excerpt":{"rendered":"","protected":false},"author":2,"featured_media":0,"parent":0,"menu_order":0,"comment_status":"closed","ping_status":"closed","template":"","meta":{"footnotes":""},"class_list":["post-2386","page","type-page","status-publish","hentry"],"_links":{"self":[{"href":"https:\/\/greengardenbarcelona.com\/fi\/wp-json\/wp\/v2\/pages\/2386","targetHints":{"allow":["GET"]}}],"collection":[{"href":"https:\/\/greengardenbarcelona.com\/fi\/wp-json\/wp\/v2\/pages"}],"about":[{"href":"https:\/\/greengardenbarcelona.com\/fi\/wp-json\/wp\/v2\/types\/page"}],"author":[{"embeddable":true,"href":"https:\/\/greengardenbarcelona.com\/fi\/wp-json\/wp\/v2\/users\/2"}],"replies":[{"embeddable":true,"href":"https:\/\/greengardenbarcelona.com\/fi\/wp-json\/wp\/v2\/comments?post=2386"}],"version-history":[{"count":0,"href":"https:\/\/greengardenbarcelona.com\/fi\/wp-json\/wp\/v2\/pages\/2386\/revisions"}],"wp:attachment":[{"href":"https:\/\/greengardenbarcelona.com\/fi\/wp-json\/wp\/v2\/media?parent=2386"}],"curies":[{"name":"wp","href":"https:\/\/api.w.org\/{rel}","templated":true}]}}