{"id":622,"date":"2023-11-10T05:07:00","date_gmt":"2023-11-10T05:07:00","guid":{"rendered":"https:\/\/wp.sthemeit.com\/artech\/?page_id=622"},"modified":"2025-05-13T10:44:46","modified_gmt":"2025-05-13T08:44:46","slug":"servicos-de-instalacion","status":"publish","type":"page","link":"https:\/\/greengardenbarcelona.com\/it\/servicos-de-instalacion\/","title":{"rendered":"Servicios de instalaci\u00f3n"},"content":{"rendered":"\t\t<div data-elementor-type=\"wp-page\" data-elementor-id=\"622\" class=\"elementor elementor-622\" data-elementor-post-type=\"page\">\n\t\t\t\t<div class=\"elementor-element elementor-element-4c9d875 e-flex e-con-boxed e-con e-parent\" data-id=\"4c9d875\" data-element_type=\"container\">\n\t\t\t\t\t<div class=\"e-con-inner\">\n\t\t\t\t<div class=\"elementor-element elementor-element-d9c0e73 elementor-widget elementor-widget-sectiontitle\" data-id=\"d9c0e73\" data-element_type=\"widget\" data-widget_type=\"sectiontitle.default\">\n\t\t\t\t<div class=\"elementor-widget-container\">\n\t\t\t\t\t\r\n\t\t\r\n\t\t\t<div class=\"section-title t_left\">\r\n                 \r\n                        <h5>Servicios de intalaci\u00f3n<\/h5>\r\n                \t\t\t\t  \r\n                       <h1>Intalaci\u00f3n de c\u00e9sped artificial<\/h1>\r\n                                 \r\n                        <p>El proceso de instalaci\u00f3n comienza evaluando su jard\u00edn o terraza y tomando las medidas oportunas para realizar un presupuesto ajustado a\nsu medida.<\/p>\r\n                \t\t\t<\/div>\t\r\n\r\n\t\t\r\n\t\t\t\t\t\t<\/div>\n\t\t\t\t<\/div>\n\t\t\t\t\t<\/div>\n\t\t\t\t<\/div>\n\t\t<div class=\"elementor-element elementor-element-7586fe7 e-flex e-con-boxed e-con e-parent\" data-id=\"7586fe7\" data-element_type=\"container\">\n\t\t\t\t\t<div class=\"e-con-inner\">\n\t\t\t\t<div class=\"elementor-element elementor-element-0d3129a elementor-widget elementor-widget-text-editor\" data-id=\"0d3129a\" data-element_type=\"widget\" data-widget_type=\"text-editor.default\">\n\t\t\t\t<div class=\"elementor-widget-container\">\n\t\t\t\t\t\t\t\t\t<p><span style=\"white-space-collapse: preserve;\">Una vez aprobado el presupuesto procedemos a rebajar el terreno (si fuese necesario) y rellenar con saulo o mezlca para mejorar el drenaje,<br \/>continuamos con el regleado del material para obtener una base firme , y procedemos al compactado del mismo para dejar un terreno firme<br \/>y compacto para una perfecta\u00a0 instalaci\u00f3n.\u2028\u2028A continuaci\u00f3n se extienden los rollos de c\u00e9sped, ajustandolos bien a los bordes del terreno y recortando \u00e1rboles y detalles paisag\u00edsticos\u2028\u2028Todos los cortes y juntas se preparan para su posterior pegado con una junta de union y una cola de poliuretano , de dos componentes<br \/>que disimular\u00e1 qualquier uni\u00f3n.\u2028\u2028El \u00faltimo paso es rellenar la base del c\u00e9sped con arena de s\u00edlice y cepillar y nivelar con una maquina especial motorizada que al mismo tiempo levanta el pelo creando una sensaci\u00f3n a la vista y al tacto id\u00e9ntica a las del c\u00e9sped artificial.<\/span><\/p>\t\t\t\t\t\t\t\t<\/div>\n\t\t\t\t<\/div>\n\t\t\t\t\t<\/div>\n\t\t\t\t<\/div>\n\t\t<div class=\"elementor-element elementor-element-01a6cd8 e-flex e-con-boxed e-con e-parent\" data-id=\"01a6cd8\" data-element_type=\"container\">\n\t\t\t\t\t<div class=\"e-con-inner\">\n\t\t<div class=\"elementor-element elementor-element-101d7a7 e-con-full e-flex e-con e-child\" data-id=\"101d7a7\" data-element_type=\"container\">\n\t\t\t\t<div class=\"elementor-element elementor-element-5745fe8 elementor-invisible elementor-widget elementor-widget-sectiontitle\" data-id=\"5745fe8\" data-element_type=\"widget\" data-settings=\"{&quot;_animation&quot;:&quot;fadeInUp&quot;}\" data-widget_type=\"sectiontitle.default\">\n\t\t\t\t<div class=\"elementor-widget-container\">\n\t\t\t\t\t\r\n\t\t\r\n\t\t\t<div class=\"section-title t_left\">\r\n                 \r\n                        <h5>c\u00e9spedes<\/h5>\r\n                \t\t\t\t  \r\n                       <h1>Tipos de instalaci\u00f3n:<\/h1>\r\n                                \t\t\t<\/div>\t\r\n\r\n\t\t\r\n\t\t\t\t\t\t<\/div>\n\t\t\t\t<\/div>\n\t\t\t\t<\/div>\n\t\t<div class=\"elementor-element elementor-element-ac8655d e-con-full e-flex e-con e-child\" data-id=\"ac8655d\" data-element_type=\"container\">\n\t\t\t\t<\/div>\n\t\t\t\t\t<\/div>\n\t\t\t\t<\/div>\n\t\t<div class=\"elementor-element elementor-element-14037ce e-flex e-con-boxed e-con e-parent\" data-id=\"14037ce\" data-element_type=\"container\">\n\t\t\t\t\t<div class=\"e-con-inner\">\n\t\t<div class=\"elementor-element elementor-element-3df5ca4 e-con-full e-flex e-con e-child\" data-id=\"3df5ca4\" data-element_type=\"container\">\n\t\t\t\t<div data-premium-element-link=\"{&quot;type&quot;:&quot;link&quot;,&quot;link&quot;:null,&quot;href&quot;:&quot;https:\\\/\\\/greengardenbarcelona.com\\\/it\\\/jardines\\\/&quot;}\" style=\"cursor: pointer\" class=\"elementor-element elementor-element-038d445 premium-wrapper-link-yes elementor-invisible elementor-widget elementor-widget-sthemeitteam\" data-id=\"038d445\" data-element_type=\"widget\" data-settings=\"{&quot;_animation&quot;:&quot;fadeInUp&quot;}\" data-widget_type=\"sthemeitteam.default\">\n\t\t\t\t<div class=\"elementor-widget-container\">\n\t\t\t\t\t\r\n        \r\n        <div class=\"team-box\">\r\n            <div class=\"team-img\">\r\n                <img decoding=\"async\" src=\"https:\/\/greengardenbarcelona.com\/wp-content\/uploads\/2025\/05\/20130716_134444.webp\" alt=\"\">\r\n                <!-- Social Icon -->\r\n                                <!-- Social Icon -->\r\n            <\/div>\r\n            <div class=\"team-info\">\r\n                <span>Jardines<\/span>\r\n                <h4><a href=\"#\">Leer M\u00e1s<\/a><\/h4>\r\n            <\/div>\r\n            <!-- Description Show -->\r\n                        <!-- Description Show -->\r\n        <\/div>\r\n\r\n\r\n        <!-- Style Three -->\r\n\r\n                \t\t\t\t<\/div>\n\t\t\t\t<\/div>\n\t\t\t\t<div data-premium-element-link=\"{&quot;type&quot;:&quot;link&quot;,&quot;link&quot;:null,&quot;href&quot;:&quot;https:\\\/\\\/greengardenbarcelona.com\\\/it\\\/area-piscina\\\/&quot;}\" style=\"cursor: pointer\" class=\"elementor-element elementor-element-8205f32 premium-wrapper-link-yes elementor-invisible elementor-widget elementor-widget-sthemeitteam\" data-id=\"8205f32\" data-element_type=\"widget\" data-settings=\"{&quot;_animation&quot;:&quot;fadeInUp&quot;}\" data-widget_type=\"sthemeitteam.default\">\n\t\t\t\t<div class=\"elementor-widget-container\">\n\t\t\t\t\t\r\n        \r\n        <div class=\"team-box\">\r\n            <div class=\"team-img\">\r\n                <img decoding=\"async\" src=\"https:\/\/greengardenbarcelona.com\/wp-content\/uploads\/2025\/05\/20130716_134413.webp\" alt=\"\">\r\n                <!-- Social Icon -->\r\n                                <!-- Social Icon -->\r\n            <\/div>\r\n            <div class=\"team-info\">\r\n                <span>Piscina<\/span>\r\n                <h4><a href=\"#\">Leer M\u00e1s<\/a><\/h4>\r\n            <\/div>\r\n            <!-- Description Show -->\r\n                        <!-- Description Show -->\r\n        <\/div>\r\n\r\n\r\n        <!-- Style Three -->\r\n\r\n                \t\t\t\t<\/div>\n\t\t\t\t<\/div>\n\t\t\t\t<\/div>\n\t\t<div class=\"elementor-element elementor-element-05a1c07 e-con-full e-flex e-con e-child\" data-id=\"05a1c07\" data-element_type=\"container\">\n\t\t\t\t<div data-premium-element-link=\"{&quot;type&quot;:&quot;link&quot;,&quot;link&quot;:null,&quot;href&quot;:&quot;https:\\\/\\\/greengardenbarcelona.com\\\/it\\\/deportivos\\\/&quot;}\" style=\"cursor: pointer\" class=\"elementor-element elementor-element-bede057 premium-wrapper-link-yes elementor-invisible elementor-widget elementor-widget-sthemeitteam\" data-id=\"bede057\" data-element_type=\"widget\" data-settings=\"{&quot;_animation&quot;:&quot;fadeInUp&quot;}\" data-widget_type=\"sthemeitteam.default\">\n\t\t\t\t<div class=\"elementor-widget-container\">\n\t\t\t\t\t\r\n        \r\n        <div class=\"team-box\">\r\n            <div class=\"team-img\">\r\n                <img decoding=\"async\" src=\"https:\/\/greengardenbarcelona.com\/wp-content\/uploads\/2025\/05\/PRATS-DE-LLUCANES.webp\" alt=\"\">\r\n                <!-- Social Icon -->\r\n                                <!-- Social Icon -->\r\n            <\/div>\r\n            <div class=\"team-info\">\r\n                <span>Deportivos<\/span>\r\n                <h4><a href=\"#\">Leer M\u00e1s<\/a><\/h4>\r\n            <\/div>\r\n            <!-- Description Show -->\r\n                        <!-- Description Show -->\r\n        <\/div>\r\n\r\n\r\n        <!-- Style Three -->\r\n\r\n                \t\t\t\t<\/div>\n\t\t\t\t<\/div>\n\t\t\t\t<div data-premium-element-link=\"{&quot;type&quot;:&quot;link&quot;,&quot;link&quot;:null,&quot;href&quot;:&quot;https:\\\/\\\/greengardenbarcelona.com\\\/it\\\/urbano\\\/&quot;}\" style=\"cursor: pointer\" class=\"elementor-element elementor-element-3311fa7 premium-wrapper-link-yes elementor-invisible elementor-widget elementor-widget-sthemeitteam\" data-id=\"3311fa7\" data-element_type=\"widget\" data-settings=\"{&quot;_animation&quot;:&quot;fadeInUp&quot;}\" data-widget_type=\"sthemeitteam.default\">\n\t\t\t\t<div class=\"elementor-widget-container\">\n\t\t\t\t\t\r\n        \r\n        <div class=\"team-box\">\r\n            <div class=\"team-img\">\r\n                <img decoding=\"async\" src=\"https:\/\/greengardenbarcelona.com\/wp-content\/uploads\/2025\/05\/WAFF-1-scaled-1.webp\" alt=\"\">\r\n                <!-- Social Icon -->\r\n                                <!-- Social Icon -->\r\n            <\/div>\r\n            <div class=\"team-info\">\r\n                <span>Urbanos<\/span>\r\n                <h4><a href=\"#\">Leer M\u00e1s<\/a><\/h4>\r\n            <\/div>\r\n            <!-- Description Show -->\r\n                        <!-- Description Show -->\r\n        <\/div>\r\n\r\n\r\n        <!-- Style Three -->\r\n\r\n                \t\t\t\t<\/div>\n\t\t\t\t<\/div>\n\t\t\t\t<\/div>\n\t\t<div class=\"elementor-element elementor-element-e9b6eea e-con-full e-flex e-con e-child\" data-id=\"e9b6eea\" data-element_type=\"container\">\n\t\t\t\t<div data-premium-element-link=\"{&quot;type&quot;:&quot;link&quot;,&quot;link&quot;:null,&quot;href&quot;:&quot;https:\\\/\\\/greengardenbarcelona.com\\\/it\\\/terrazas\\\/&quot;}\" style=\"cursor: pointer\" class=\"elementor-element elementor-element-e459bf6 premium-wrapper-link-yes elementor-invisible elementor-widget elementor-widget-sthemeitteam\" data-id=\"e459bf6\" data-element_type=\"widget\" data-settings=\"{&quot;_animation&quot;:&quot;fadeInUp&quot;}\" data-widget_type=\"sthemeitteam.default\">\n\t\t\t\t<div class=\"elementor-widget-container\">\n\t\t\t\t\t\r\n        \r\n        <div class=\"team-box\">\r\n            <div class=\"team-img\">\r\n                <img decoding=\"async\" src=\"https:\/\/greengardenbarcelona.com\/wp-content\/uploads\/2025\/05\/IMG-20160913-WA0002.webp\" alt=\"\">\r\n                <!-- Social Icon -->\r\n                                <!-- Social Icon -->\r\n            <\/div>\r\n            <div class=\"team-info\">\r\n                <span>Terrazas<\/span>\r\n                <h4><a href=\"#\">Leer M\u00e1s<\/a><\/h4>\r\n            <\/div>\r\n            <!-- Description Show -->\r\n                        <!-- Description Show -->\r\n        <\/div>\r\n\r\n\r\n        <!-- Style Three -->\r\n\r\n                \t\t\t\t<\/div>\n\t\t\t\t<\/div>\n\t\t\t\t<div data-premium-element-link=\"{&quot;type&quot;:&quot;link&quot;,&quot;link&quot;:null,&quot;href&quot;:&quot;https:\\\/\\\/greengardenbarcelona.com\\\/it\\\/comunidad-vecinos\\\/&quot;}\" style=\"cursor: pointer\" class=\"elementor-element elementor-element-7a5aa0d premium-wrapper-link-yes elementor-invisible elementor-widget elementor-widget-sthemeitteam\" data-id=\"7a5aa0d\" data-element_type=\"widget\" data-settings=\"{&quot;_animation&quot;:&quot;fadeInUp&quot;}\" data-widget_type=\"sthemeitteam.default\">\n\t\t\t\t<div class=\"elementor-widget-container\">\n\t\t\t\t\t\r\n        \r\n        <div class=\"team-box\">\r\n            <div class=\"team-img\">\r\n                <img decoding=\"async\" src=\"https:\/\/greengardenbarcelona.com\/wp-content\/uploads\/2025\/05\/parque-1.webp\" alt=\"\">\r\n                <!-- Social Icon -->\r\n                                <!-- Social Icon -->\r\n            <\/div>\r\n            <div class=\"team-info\">\r\n                <span>Comunidad<\/span>\r\n                <h4><a href=\"#\">Leer M\u00e1s<\/a><\/h4>\r\n            <\/div>\r\n            <!-- Description Show -->\r\n                        <!-- Description Show -->\r\n        <\/div>\r\n\r\n\r\n        <!-- Style Three -->\r\n\r\n                \t\t\t\t<\/div>\n\t\t\t\t<\/div>\n\t\t\t\t<\/div>\n\t\t\t\t\t<\/div>\n\t\t\t\t<\/div>\n\t\t\t\t<\/div>\n\t\t","protected":false},"excerpt":{"rendered":"<p>Servicios de intalaci\u00f3n Intalaci\u00f3n de c\u00e9sped artificial El proceso de instalaci\u00f3n comienza evaluando su jard\u00edn o terraza y tomando las medidas oportunas para realizar un presupuesto ajustado a su medida. Una vez aprobado el presupuesto procedemos a rebajar el terreno (si fuese necesario) y rellenar con saulo o mezlca para mejorar el drenaje,continuamos con el [&hellip;]<\/p>\n","protected":false},"author":2,"featured_media":0,"parent":0,"menu_order":0,"comment_status":"closed","ping_status":"closed","template":"page-templates\/template-default.php","meta":{"footnotes":""},"class_list":["post-622","page","type-page","status-publish","hentry"],"_links":{"self":[{"href":"https:\/\/greengardenbarcelona.com\/it\/wp-json\/wp\/v2\/pages\/622","targetHints":{"allow":["GET"]}}],"collection":[{"href":"https:\/\/greengardenbarcelona.com\/it\/wp-json\/wp\/v2\/pages"}],"about":[{"href":"https:\/\/greengardenbarcelona.com\/it\/wp-json\/wp\/v2\/types\/page"}],"author":[{"embeddable":true,"href":"https:\/\/greengardenbarcelona.com\/it\/wp-json\/wp\/v2\/users\/2"}],"replies":[{"embeddable":true,"href":"https:\/\/greengardenbarcelona.com\/it\/wp-json\/wp\/v2\/comments?post=622"}],"version-history":[{"count":0,"href":"https:\/\/greengardenbarcelona.com\/it\/wp-json\/wp\/v2\/pages\/622\/revisions"}],"wp:attachment":[{"href":"https:\/\/greengardenbarcelona.com\/it\/wp-json\/wp\/v2\/media?parent=622"}],"curies":[{"name":"wp","href":"https:\/\/api.w.org\/{rel}","templated":true}]}}