{"id":1961,"date":"2025-03-31T08:28:54","date_gmt":"2025-03-31T08:28:54","guid":{"rendered":"https:\/\/dev2.greengardenbarcelona.com\/?page_id=1961"},"modified":"2025-04-24T12:07:46","modified_gmt":"2025-04-24T10:07:46","slug":"resistente-polivalente","status":"publish","type":"page","link":"https:\/\/greengardenbarcelona.com\/ko\/resistente-polivalente\/","title":{"rendered":"Resistente y Polivalente"},"content":{"rendered":"\t\t<div data-elementor-type=\"wp-page\" data-elementor-id=\"1961\" class=\"elementor elementor-1961\" data-elementor-post-type=\"page\">\n\t\t\t\t<div class=\"elementor-element elementor-element-ead8841 e-flex e-con-boxed e-con e-parent\" data-id=\"ead8841\" data-element_type=\"container\">\n\t\t\t\t\t<div class=\"e-con-inner\">\n\t\t\t\t<div class=\"elementor-element elementor-element-4a4ade9 elementor-invisible elementor-widget elementor-widget-sectiontitle\" data-id=\"4a4ade9\" data-element_type=\"widget\" data-settings=\"{&quot;_animation&quot;:&quot;fadeInDown&quot;}\" data-widget_type=\"sectiontitle.default\">\n\t\t\t\t<div class=\"elementor-widget-container\">\n\t\t\t\t\t\r\n\t\t\r\n\t\t\t<div class=\"section-title t_left\">\r\n                 \r\n                        <h5>tipos de c\u00e9sped<\/h5>\r\n                \t\t\t\t  \r\n                       <h1>Resistente y Polivalente<\/h1>\r\n                                 \r\n                        <p>M\u00e1xima resistencia para cualquier entorno. Descubre nuestro c\u00e9sped artificial dise\u00f1ado para soportar el uso intensivo, las inclemencias del tiempo y el paso del tiempo sin perder su apariencia natural. Ideal para jardines, terrazas y zonas de alto tr\u00e1nsito<\/p>\r\n                \t\t\t<\/div>\t\r\n\r\n\t\t\r\n\t\t\t\t\t\t<\/div>\n\t\t\t\t<\/div>\n\t\t\t\t\t<\/div>\n\t\t\t\t<\/div>\n\t\t<div class=\"elementor-element elementor-element-bca2a17 e-flex e-con-boxed e-con e-parent\" data-id=\"bca2a17\" data-element_type=\"container\">\n\t\t\t\t\t<div class=\"e-con-inner\">\n\t\t<div class=\"elementor-element elementor-element-dad7ca6 e-con-full e-flex e-con e-child\" data-id=\"dad7ca6\" data-element_type=\"container\">\n\t\t\t\t<div class=\"elementor-element elementor-element-404dae4 elementor-invisible elementor-widget elementor-widget-sectiontitle\" data-id=\"404dae4\" data-element_type=\"widget\" data-settings=\"{&quot;_animation&quot;:&quot;fadeInRight&quot;}\" data-widget_type=\"sectiontitle.default\">\n\t\t\t\t<div class=\"elementor-widget-container\">\n\t\t\t\t\t\r\n\t\t\r\n\t\t\t<div class=\"section-title t_left\">\r\n                 \r\n                        <h5>Tipos de C\u00e9sped<\/h5>\r\n                \t\t\t\t  \r\n                       <h1>Plus 35<\/h1>\r\n                                 \r\n                        <p>Este modelo es v\u00e1lido para cualquier uso en jardines particulares, piscinas, \u00e1ticos, etc. donde sea requeri-do un cesped artificial de las m\u00e1s altas prestaciones y sin brillos, gracias a la tecnolog\u00eda tecnolog\u00eda Dull Mat Fiber\u00ae, en los que el realismo, la suavidad y la r\u00e1pida recuperaci\u00f3n de pisada sean las principales premisas.<\/p>\r\n                \t\t\t<\/div>\t\r\n\r\n\t\t\r\n\t\t\t\t\t\t<\/div>\n\t\t\t\t<\/div>\n\t\t\t\t<div class=\"elementor-element elementor-element-ce912aa premium-wrapper-link-yes elementor-invisible elementor-widget elementor-widget-sthemeit-button\" data-id=\"ce912aa\" data-element_type=\"widget\" data-settings=\"{&quot;_animation&quot;:&quot;fadeInRight&quot;}\" data-widget_type=\"sthemeit-button.default\">\n\t\t\t\t<div class=\"elementor-widget-container\">\n\t\t\t\t\t\r\n\t\t\t\t\r\n\t\t\t\t<div class=\"sthemeit-button-box style4\">\r\n\t\t\t\t\t\t\t\t\t\t<div class=\"sthemeit-button\">\r\n\t\t\t\t\t\t<a href=\"https:\/\/greengardenbarcelona.com\/new-green-30\/\">\r\n\t\t\t\t\t\t\tM\u00e1s Informacion\t\t\t\t\t\t\t<svg xmlns=\"http:\/\/www.w3.org\/2000\/svg\" width=\"20px\" height=\"20px\" viewBox=\"0 0 24 24\">\r\n\t\t\t\t\t\t\t<path fill=\"currentColor\" d=\"M11.998 23.997c-6.617 0-11.999-5.383-11.999-11.999 0-6.616 5.382-11.999 11.999-11.999 6.616 0 11.999 5.383 11.999 11.999 0 6.616-5.383 11.999-11.999 11.999Zm0-21.816c-5.414 0-9.818 4.404-9.818 9.817 0 5.414 4.404 9.817 9.818 9.817 5.413 0 9.817-4.403 9.817-9.817 0-5.413-4.404-9.817-9.817-9.817Zm5.37 10.234a1.11 1.11 0 0 1-.237.355l-4.362 4.362c-.213.214-.492.32-.771.32a1.09 1.09 0 0 1-.772-1.862l2.502-2.501H7.634a1.092 1.092 0 0 1 0-2.182h6.094l-2.502-2.501a1.091 1.091 0 0 1 1.543-1.543l4.362 4.363a1.095 1.095 0 0 1 .237 1.189Z\"><\/path>\r\n\t\t\t\t\t\t\t<\/svg>\t\t\t\t\t\t\r\n\t\t\t\t\t\t<\/a>\r\n\t\t\t\t\t<\/div>\r\n\t\t\t\t\t\t\t\t\t<\/div>\r\n\r\n\t\t\r\n\t\t\t\t\t<\/div>\n\t\t\t\t<\/div>\n\t\t\t\t<\/div>\n\t\t<div class=\"elementor-element elementor-element-0b963d0 e-con-full e-flex e-con e-child\" data-id=\"0b963d0\" data-element_type=\"container\">\n\t\t\t\t<div class=\"elementor-element elementor-element-49c9071 elementor-invisible elementor-widget elementor-widget-image\" data-id=\"49c9071\" data-element_type=\"widget\" data-settings=\"{&quot;_animation&quot;:&quot;fadeInLeft&quot;}\" data-widget_type=\"image.default\">\n\t\t\t\t<div class=\"elementor-widget-container\">\n\t\t\t\t\t\t\t\t\t\t\t\t\t\t\t<img fetchpriority=\"high\" decoding=\"async\" width=\"719\" height=\"450\" src=\"https:\/\/greengardenbarcelona.com\/wp-content\/uploads\/2025\/03\/cespedPlus35.webp\" class=\"attachment-large size-large wp-image-2027\" alt=\"\" srcset=\"https:\/\/greengardenbarcelona.com\/wp-content\/uploads\/2025\/03\/cespedPlus35.webp 719w, https:\/\/greengardenbarcelona.com\/wp-content\/uploads\/2025\/03\/cespedPlus35-300x188.webp 300w, https:\/\/greengardenbarcelona.com\/wp-content\/uploads\/2025\/03\/cespedPlus35-400x250.webp 400w\" sizes=\"(max-width: 719px) 100vw, 719px\" \/>\t\t\t\t\t\t\t\t\t\t\t\t\t\t\t<\/div>\n\t\t\t\t<\/div>\n\t\t\t\t<\/div>\n\t\t\t\t\t<\/div>\n\t\t\t\t<\/div>\n\t\t<div class=\"elementor-element elementor-element-4c4054c e-flex e-con-boxed e-con e-parent\" data-id=\"4c4054c\" data-element_type=\"container\">\n\t\t\t\t\t<div class=\"e-con-inner\">\n\t\t<div class=\"elementor-element elementor-element-b80d009 e-con-full e-flex e-con e-child\" data-id=\"b80d009\" data-element_type=\"container\">\n\t\t\t\t<div class=\"elementor-element elementor-element-9b26bcd elementor-invisible elementor-widget elementor-widget-sectiontitle\" data-id=\"9b26bcd\" data-element_type=\"widget\" data-settings=\"{&quot;_animation&quot;:&quot;fadeInRight&quot;}\" data-widget_type=\"sectiontitle.default\">\n\t\t\t\t<div class=\"elementor-widget-container\">\n\t\t\t\t\t\r\n\t\t\r\n\t\t\t<div class=\"section-title t_left\">\r\n                 \r\n                        <h5>Tipos de C\u00e9sped<\/h5>\r\n                \t\t\t\t  \r\n                       <h1>Plus 40 New<\/h1>\r\n                                 \r\n                        <p>Este modelo de gama alta ,es v\u00e1lido para cualquier uso en jardines particulares, piscinas y \u00e1ticos, etc. donde se vaya buscando la m\u00e1xima suavidad al contac-to con su superficie.<\/p>\r\n                \t\t\t<\/div>\t\r\n\r\n\t\t\r\n\t\t\t\t\t\t<\/div>\n\t\t\t\t<\/div>\n\t\t\t\t<div class=\"elementor-element elementor-element-c45727c premium-wrapper-link-yes elementor-invisible elementor-widget elementor-widget-sthemeit-button\" data-id=\"c45727c\" data-element_type=\"widget\" data-settings=\"{&quot;_animation&quot;:&quot;fadeInRight&quot;}\" data-widget_type=\"sthemeit-button.default\">\n\t\t\t\t<div class=\"elementor-widget-container\">\n\t\t\t\t\t\r\n\t\t\t\t\r\n\t\t\t\t<div class=\"sthemeit-button-box style4\">\r\n\t\t\t\t\t\t\t\t\t\t<div class=\"sthemeit-button\">\r\n\t\t\t\t\t\t<a href=\"https:\/\/greengardenbarcelona.com\/plus-40-new\/\">\r\n\t\t\t\t\t\t\tM\u00e1s Informacion\t\t\t\t\t\t\t<svg xmlns=\"http:\/\/www.w3.org\/2000\/svg\" width=\"20px\" height=\"20px\" viewBox=\"0 0 24 24\">\r\n\t\t\t\t\t\t\t<path fill=\"currentColor\" d=\"M11.998 23.997c-6.617 0-11.999-5.383-11.999-11.999 0-6.616 5.382-11.999 11.999-11.999 6.616 0 11.999 5.383 11.999 11.999 0 6.616-5.383 11.999-11.999 11.999Zm0-21.816c-5.414 0-9.818 4.404-9.818 9.817 0 5.414 4.404 9.817 9.818 9.817 5.413 0 9.817-4.403 9.817-9.817 0-5.413-4.404-9.817-9.817-9.817Zm5.37 10.234a1.11 1.11 0 0 1-.237.355l-4.362 4.362c-.213.214-.492.32-.771.32a1.09 1.09 0 0 1-.772-1.862l2.502-2.501H7.634a1.092 1.092 0 0 1 0-2.182h6.094l-2.502-2.501a1.091 1.091 0 0 1 1.543-1.543l4.362 4.363a1.095 1.095 0 0 1 .237 1.189Z\"><\/path>\r\n\t\t\t\t\t\t\t<\/svg>\t\t\t\t\t\t\r\n\t\t\t\t\t\t<\/a>\r\n\t\t\t\t\t<\/div>\r\n\t\t\t\t\t\t\t\t\t<\/div>\r\n\r\n\t\t\r\n\t\t\t\t\t<\/div>\n\t\t\t\t<\/div>\n\t\t\t\t<\/div>\n\t\t<div class=\"elementor-element elementor-element-0d0e2ea e-con-full e-flex e-con e-child\" data-id=\"0d0e2ea\" data-element_type=\"container\">\n\t\t\t\t<div class=\"elementor-element elementor-element-784d096 elementor-invisible elementor-widget elementor-widget-image\" data-id=\"784d096\" data-element_type=\"widget\" data-settings=\"{&quot;_animation&quot;:&quot;fadeInLeft&quot;}\" data-widget_type=\"image.default\">\n\t\t\t\t<div class=\"elementor-widget-container\">\n\t\t\t\t\t\t\t\t\t\t\t\t\t\t\t<img decoding=\"async\" width=\"719\" height=\"450\" src=\"https:\/\/greengardenbarcelona.com\/wp-content\/uploads\/2025\/03\/cespedPlus40New.webp\" class=\"attachment-large size-large wp-image-2028\" alt=\"\" srcset=\"https:\/\/greengardenbarcelona.com\/wp-content\/uploads\/2025\/03\/cespedPlus40New.webp 719w, https:\/\/greengardenbarcelona.com\/wp-content\/uploads\/2025\/03\/cespedPlus40New-300x188.webp 300w, https:\/\/greengardenbarcelona.com\/wp-content\/uploads\/2025\/03\/cespedPlus40New-400x250.webp 400w\" sizes=\"(max-width: 719px) 100vw, 719px\" \/>\t\t\t\t\t\t\t\t\t\t\t\t\t\t\t<\/div>\n\t\t\t\t<\/div>\n\t\t\t\t<\/div>\n\t\t\t\t\t<\/div>\n\t\t\t\t<\/div>\n\t\t<div class=\"elementor-element elementor-element-891c668 e-flex e-con-boxed e-con e-parent\" data-id=\"891c668\" data-element_type=\"container\">\n\t\t\t\t\t<div class=\"e-con-inner\">\n\t\t<div class=\"elementor-element elementor-element-f4337f1 e-con-full e-flex e-con e-child\" data-id=\"f4337f1\" data-element_type=\"container\">\n\t\t\t\t<div class=\"elementor-element elementor-element-f4ad1f1 elementor-invisible elementor-widget elementor-widget-sectiontitle\" data-id=\"f4ad1f1\" data-element_type=\"widget\" data-settings=\"{&quot;_animation&quot;:&quot;fadeInRight&quot;}\" data-widget_type=\"sectiontitle.default\">\n\t\t\t\t<div class=\"elementor-widget-container\">\n\t\t\t\t\t\r\n\t\t\r\n\t\t\t<div class=\"section-title t_left\">\r\n                 \r\n                        <h5>Tipos de C\u00e9sped<\/h5>\r\n                \t\t\t\t  \r\n                       <h1>New Green 45<\/h1>\r\n                                 \r\n                        <p>Modelo innovador con hilo multidireccional en 6 tonalidades y 45 mm de altura. Su estructura texturizada y color verde intenso le dan un aspecto muy natural. Ideal para zonas de alto tr\u00e1nsito, ya que combina resistencia, realismo y un mantenimiento m\u00ednimo.<\/p>\r\n                \t\t\t<\/div>\t\r\n\r\n\t\t\r\n\t\t\t\t\t\t<\/div>\n\t\t\t\t<\/div>\n\t\t\t\t<div class=\"elementor-element elementor-element-a9c8bb5 premium-wrapper-link-yes elementor-invisible elementor-widget elementor-widget-sthemeit-button\" data-id=\"a9c8bb5\" data-element_type=\"widget\" data-settings=\"{&quot;_animation&quot;:&quot;fadeInRight&quot;}\" data-widget_type=\"sthemeit-button.default\">\n\t\t\t\t<div class=\"elementor-widget-container\">\n\t\t\t\t\t\r\n\t\t\t\t\r\n\t\t\t\t<div class=\"sthemeit-button-box style4\">\r\n\t\t\t\t\t\t\t\t\t\t<div class=\"sthemeit-button\">\r\n\t\t\t\t\t\t<a href=\"https:\/\/greengardenbarcelona.com\/new-green-45\/\">\r\n\t\t\t\t\t\t\tM\u00e1s Informacion\t\t\t\t\t\t\t<svg xmlns=\"http:\/\/www.w3.org\/2000\/svg\" width=\"20px\" height=\"20px\" viewBox=\"0 0 24 24\">\r\n\t\t\t\t\t\t\t<path fill=\"currentColor\" d=\"M11.998 23.997c-6.617 0-11.999-5.383-11.999-11.999 0-6.616 5.382-11.999 11.999-11.999 6.616 0 11.999 5.383 11.999 11.999 0 6.616-5.383 11.999-11.999 11.999Zm0-21.816c-5.414 0-9.818 4.404-9.818 9.817 0 5.414 4.404 9.817 9.818 9.817 5.413 0 9.817-4.403 9.817-9.817 0-5.413-4.404-9.817-9.817-9.817Zm5.37 10.234a1.11 1.11 0 0 1-.237.355l-4.362 4.362c-.213.214-.492.32-.771.32a1.09 1.09 0 0 1-.772-1.862l2.502-2.501H7.634a1.092 1.092 0 0 1 0-2.182h6.094l-2.502-2.501a1.091 1.091 0 0 1 1.543-1.543l4.362 4.363a1.095 1.095 0 0 1 .237 1.189Z\"><\/path>\r\n\t\t\t\t\t\t\t<\/svg>\t\t\t\t\t\t\r\n\t\t\t\t\t\t<\/a>\r\n\t\t\t\t\t<\/div>\r\n\t\t\t\t\t\t\t\t\t<\/div>\r\n\r\n\t\t\r\n\t\t\t\t\t<\/div>\n\t\t\t\t<\/div>\n\t\t\t\t<\/div>\n\t\t<div class=\"elementor-element elementor-element-24e148f e-con-full e-flex e-con e-child\" data-id=\"24e148f\" data-element_type=\"container\">\n\t\t\t\t<div class=\"elementor-element elementor-element-943eca3 elementor-invisible elementor-widget elementor-widget-image\" data-id=\"943eca3\" data-element_type=\"widget\" data-settings=\"{&quot;_animation&quot;:&quot;fadeInLeft&quot;}\" data-widget_type=\"image.default\">\n\t\t\t\t<div class=\"elementor-widget-container\">\n\t\t\t\t\t\t\t\t\t\t\t\t\t\t\t<img decoding=\"async\" width=\"720\" height=\"450\" src=\"https:\/\/greengardenbarcelona.com\/wp-content\/uploads\/2025\/03\/cespedLux.webp\" class=\"attachment-large size-large wp-image-2018\" alt=\"\" srcset=\"https:\/\/greengardenbarcelona.com\/wp-content\/uploads\/2025\/03\/cespedLux.webp 720w, https:\/\/greengardenbarcelona.com\/wp-content\/uploads\/2025\/03\/cespedLux-300x188.webp 300w, https:\/\/greengardenbarcelona.com\/wp-content\/uploads\/2025\/03\/cespedLux-400x250.webp 400w\" sizes=\"(max-width: 720px) 100vw, 720px\" \/>\t\t\t\t\t\t\t\t\t\t\t\t\t\t\t<\/div>\n\t\t\t\t<\/div>\n\t\t\t\t<\/div>\n\t\t\t\t\t<\/div>\n\t\t\t\t<\/div>\n\t\t\t\t<\/div>\n\t\t","protected":false},"excerpt":{"rendered":"<p>tipos de c\u00e9sped Resistente y Polivalente M\u00e1xima resistencia para cualquier entorno. Descubre nuestro c\u00e9sped artificial dise\u00f1ado para soportar el uso intensivo, las inclemencias del tiempo y el paso del tiempo sin perder su apariencia natural. Ideal para jardines, terrazas y zonas de alto tr\u00e1nsito Tipos de C\u00e9sped Plus 35 Este modelo es v\u00e1lido para cualquier [&hellip;]<\/p>\n","protected":false},"author":2,"featured_media":0,"parent":0,"menu_order":0,"comment_status":"closed","ping_status":"closed","template":"page-templates\/template-default.php","meta":{"footnotes":""},"class_list":["post-1961","page","type-page","status-publish","hentry"],"_links":{"self":[{"href":"https:\/\/greengardenbarcelona.com\/ko\/wp-json\/wp\/v2\/pages\/1961","targetHints":{"allow":["GET"]}}],"collection":[{"href":"https:\/\/greengardenbarcelona.com\/ko\/wp-json\/wp\/v2\/pages"}],"about":[{"href":"https:\/\/greengardenbarcelona.com\/ko\/wp-json\/wp\/v2\/types\/page"}],"author":[{"embeddable":true,"href":"https:\/\/greengardenbarcelona.com\/ko\/wp-json\/wp\/v2\/users\/2"}],"replies":[{"embeddable":true,"href":"https:\/\/greengardenbarcelona.com\/ko\/wp-json\/wp\/v2\/comments?post=1961"}],"version-history":[{"count":0,"href":"https:\/\/greengardenbarcelona.com\/ko\/wp-json\/wp\/v2\/pages\/1961\/revisions"}],"wp:attachment":[{"href":"https:\/\/greengardenbarcelona.com\/ko\/wp-json\/wp\/v2\/media?parent=1961"}],"curies":[{"name":"wp","href":"https:\/\/api.w.org\/{rel}","templated":true}]}}