{"id":2314,"date":"2025-04-16T09:44:38","date_gmt":"2025-04-16T09:44:38","guid":{"rendered":"https:\/\/dev2.greengardenbarcelona.com\/?page_id=2314"},"modified":"2025-04-22T11:09:32","modified_gmt":"2025-04-22T09:09:32","slug":"lux","status":"publish","type":"page","link":"https:\/\/greengardenbarcelona.com\/ko\/lux\/","title":{"rendered":"Lux"},"content":{"rendered":"\t\t<div data-elementor-type=\"wp-page\" data-elementor-id=\"2314\" class=\"elementor elementor-2314\" data-elementor-post-type=\"page\">\n\t\t\t\t<div class=\"elementor-element elementor-element-ead8841 e-flex e-con-boxed e-con e-parent\" data-id=\"ead8841\" data-element_type=\"container\">\n\t\t\t\t\t<div class=\"e-con-inner\">\n\t\t\t\t<div class=\"elementor-element elementor-element-4a4ade9 elementor-widget elementor-widget-sectiontitle\" data-id=\"4a4ade9\" data-element_type=\"widget\" data-widget_type=\"sectiontitle.default\">\n\t\t\t\t<div class=\"elementor-widget-container\">\n\t\t\t\t\t\r\n\t\t\r\n\t\t\t<div class=\"section-title t_left\">\r\n                 \r\n                        <h5>tipos de c\u00e9sped<\/h5>\r\n                \t\t\t\t  \r\n                       <h1>LUX<\/h1>\r\n                                \t\t\t<\/div>\t\r\n\r\n\t\t\r\n\t\t\t\t\t\t<\/div>\n\t\t\t\t<\/div>\n\t\t\t\t\t<\/div>\n\t\t\t\t<\/div>\n\t\t<div class=\"elementor-element elementor-element-8cf9c41 e-flex e-con-boxed e-con e-parent\" data-id=\"8cf9c41\" data-element_type=\"container\">\n\t\t\t\t\t<div class=\"e-con-inner\">\n\t\t<div class=\"elementor-element elementor-element-51a33d0 e-con-full e-flex e-con e-child\" data-id=\"51a33d0\" data-element_type=\"container\">\n\t\t\t\t<div class=\"elementor-element elementor-element-54c6ccf elementor-widget elementor-widget-image\" data-id=\"54c6ccf\" data-element_type=\"widget\" data-widget_type=\"image.default\">\n\t\t\t\t<div class=\"elementor-widget-container\">\n\t\t\t\t\t\t\t\t\t\t\t\t\t\t\t<img fetchpriority=\"high\" decoding=\"async\" width=\"720\" height=\"450\" src=\"https:\/\/greengardenbarcelona.com\/wp-content\/uploads\/2025\/03\/cespedLux.webp\" class=\"attachment-large size-large wp-image-2018\" alt=\"\" srcset=\"https:\/\/greengardenbarcelona.com\/wp-content\/uploads\/2025\/03\/cespedLux.webp 720w, https:\/\/greengardenbarcelona.com\/wp-content\/uploads\/2025\/03\/cespedLux-300x188.webp 300w, https:\/\/greengardenbarcelona.com\/wp-content\/uploads\/2025\/03\/cespedLux-400x250.webp 400w\" sizes=\"(max-width: 720px) 100vw, 720px\" \/>\t\t\t\t\t\t\t\t\t\t\t\t\t\t\t<\/div>\n\t\t\t\t<\/div>\n\t\t\t\t<\/div>\n\t\t<div class=\"elementor-element elementor-element-b5887cd e-con-full e-flex e-con e-child\" data-id=\"b5887cd\" data-element_type=\"container\">\n\t\t\t\t<div class=\"elementor-element elementor-element-ae39cf9 elementor-widget elementor-widget-sectiontitle\" data-id=\"ae39cf9\" data-element_type=\"widget\" data-widget_type=\"sectiontitle.default\">\n\t\t\t\t<div class=\"elementor-widget-container\">\n\t\t\t\t\t\r\n\t\t\r\n\t\t\t<div class=\"section-title t_left\">\r\n                \t\t\t\t  \r\n                       <h1>Caracter\u00edsticas<\/h1>\r\n                                 \r\n                        <p>Las fibras del LUX  son de un color marr\u00f3n amarillento muy natural, lo que proporciona a este c\u00e9sped artifial un aspecto c\u00e1lido de finales de verano. Sus fibras (42 mm) se encuentran juntas unas con otras con lo que se consigue un aspecto visual muy fresco.<\/p>\r\n                \t\t\t<\/div>\t\r\n\r\n\t\t\r\n\t\t\t\t\t\t<\/div>\n\t\t\t\t<\/div>\n\t\t\t\t<div class=\"elementor-element elementor-element-ef060f2 elementor-widget elementor-widget-sthemeit-button\" data-id=\"ef060f2\" data-element_type=\"widget\" data-widget_type=\"sthemeit-button.default\">\n\t\t\t\t<div class=\"elementor-widget-container\">\n\t\t\t\t\t\r\n\t\t\t\t\r\n\t\t\t\t<div class=\"sthemeit-button-box style4\">\r\n\t\t\t\t\t\t\t\t\t\t<div class=\"sthemeit-button\">\r\n\t\t\t\t\t\t<a href=\"https:\/\/greengardenbarcelona.com\/contactar\/\">\r\n\t\t\t\t\t\t\tContactanos\t\t\t\t\t\t\t<svg xmlns=\"http:\/\/www.w3.org\/2000\/svg\" width=\"20px\" height=\"20px\" viewBox=\"0 0 24 24\">\r\n\t\t\t\t\t\t\t<path fill=\"currentColor\" d=\"M11.998 23.997c-6.617 0-11.999-5.383-11.999-11.999 0-6.616 5.382-11.999 11.999-11.999 6.616 0 11.999 5.383 11.999 11.999 0 6.616-5.383 11.999-11.999 11.999Zm0-21.816c-5.414 0-9.818 4.404-9.818 9.817 0 5.414 4.404 9.817 9.818 9.817 5.413 0 9.817-4.403 9.817-9.817 0-5.413-4.404-9.817-9.817-9.817Zm5.37 10.234a1.11 1.11 0 0 1-.237.355l-4.362 4.362c-.213.214-.492.32-.771.32a1.09 1.09 0 0 1-.772-1.862l2.502-2.501H7.634a1.092 1.092 0 0 1 0-2.182h6.094l-2.502-2.501a1.091 1.091 0 0 1 1.543-1.543l4.362 4.363a1.095 1.095 0 0 1 .237 1.189Z\"><\/path>\r\n\t\t\t\t\t\t\t<\/svg>\t\t\t\t\t\t\r\n\t\t\t\t\t\t<\/a>\r\n\t\t\t\t\t<\/div>\r\n\t\t\t\t\t\t\t\t\t<\/div>\r\n\r\n\t\t\r\n\t\t\t\t\t<\/div>\n\t\t\t\t<\/div>\n\t\t\t\t<\/div>\n\t\t\t\t\t<\/div>\n\t\t\t\t<\/div>\n\t\t<div class=\"elementor-element elementor-element-32d60bf e-flex e-con-boxed e-con e-parent\" data-id=\"32d60bf\" data-element_type=\"container\">\n\t\t\t\t\t<div class=\"e-con-inner\">\n\t\t\t\t<div class=\"elementor-element elementor-element-5f15be5 elementor-widget elementor-widget-text-editor\" data-id=\"5f15be5\" data-element_type=\"widget\" data-widget_type=\"text-editor.default\">\n\t\t\t\t<div class=\"elementor-widget-container\">\n\t\t\t\t\t\t\t\t\t<p><span style=\"color: #000000; font-family: Roboto, arial, sans-serif;\">Nuestro modelo Lux, est\u00e1 fabricado con la innovadora tecnolog\u00eda ReadY, con hilo multidireccional, lo que significa que cada fibra tiene su propia direcci\u00f3n de crecimiento. Esto lo hace ideal para todo aquel que quiera un c\u00e9sped de aspecto lujoso.<\/span><\/p>\t\t\t\t\t\t\t\t<\/div>\n\t\t\t\t<\/div>\n\t\t\t\t<div class=\"elementor-element elementor-element-66ff9a1 elementor-icon-list--layout-traditional elementor-list-item-link-full_width elementor-widget elementor-widget-icon-list\" data-id=\"66ff9a1\" data-element_type=\"widget\" data-widget_type=\"icon-list.default\">\n\t\t\t\t<div class=\"elementor-widget-container\">\n\t\t\t\t\t\t\t<ul class=\"elementor-icon-list-items\">\n\t\t\t\t\t\t\t<li class=\"elementor-icon-list-item\">\n\t\t\t\t\t\t\t\t\t\t\t<span class=\"elementor-icon-list-icon\">\n\t\t\t\t\t\t\t<svg aria-hidden=\"true\" class=\"e-font-icon-svg e-fas-check\" viewBox=\"0 0 512 512\" xmlns=\"http:\/\/www.w3.org\/2000\/svg\"><path d=\"M173.898 439.404l-166.4-166.4c-9.997-9.997-9.997-26.206 0-36.204l36.203-36.204c9.997-9.998 26.207-9.998 36.204 0L192 312.69 432.095 72.596c9.997-9.997 26.207-9.997 36.204 0l36.203 36.204c9.997 9.997 9.997 26.206 0 36.204l-294.4 294.401c-9.998 9.997-26.207 9.997-36.204-.001z\"><\/path><\/svg>\t\t\t\t\t\t<\/span>\n\t\t\t\t\t\t\t\t\t\t<span class=\"elementor-icon-list-text\">Beneficio adicional: Un c\u00e9sped fresco con fibras multidireccionales y aspecto c\u00e1lido.<\/span>\n\t\t\t\t\t\t\t\t\t<\/li>\n\t\t\t\t\t\t\t\t<li class=\"elementor-icon-list-item\">\n\t\t\t\t\t\t\t\t\t\t\t<span class=\"elementor-icon-list-icon\">\n\t\t\t\t\t\t\t<svg aria-hidden=\"true\" class=\"e-font-icon-svg e-fas-check\" viewBox=\"0 0 512 512\" xmlns=\"http:\/\/www.w3.org\/2000\/svg\"><path d=\"M173.898 439.404l-166.4-166.4c-9.997-9.997-9.997-26.206 0-36.204l36.203-36.204c9.997-9.998 26.207-9.998 36.204 0L192 312.69 432.095 72.596c9.997-9.997 26.207-9.997 36.204 0l36.203 36.204c9.997 9.997 9.997 26.206 0 36.204l-294.4 294.401c-9.998 9.997-26.207 9.997-36.204-.001z\"><\/path><\/svg>\t\t\t\t\t\t<\/span>\n\t\t\t\t\t\t\t\t\t\t<span class=\"elementor-icon-list-text\">Consejo de instalaci\u00f3n: Para incrementar su estabilidad, dotar de arena de s\u00edlice la superficie del c\u00e9sped. Usar aprox. 5 kg por metro cuadrado instalado.<\/span>\n\t\t\t\t\t\t\t\t\t<\/li>\n\t\t\t\t\t\t\t\t<li class=\"elementor-icon-list-item\">\n\t\t\t\t\t\t\t\t\t\t\t<span class=\"elementor-icon-list-icon\">\n\t\t\t\t\t\t\t<svg aria-hidden=\"true\" class=\"e-font-icon-svg e-fas-check\" viewBox=\"0 0 512 512\" xmlns=\"http:\/\/www.w3.org\/2000\/svg\"><path d=\"M173.898 439.404l-166.4-166.4c-9.997-9.997-9.997-26.206 0-36.204l36.203-36.204c9.997-9.998 26.207-9.998 36.204 0L192 312.69 432.095 72.596c9.997-9.997 26.207-9.997 36.204 0l36.203 36.204c9.997 9.997 9.997 26.206 0 36.204l-294.4 294.401c-9.998 9.997-26.207 9.997-36.204-.001z\"><\/path><\/svg>\t\t\t\t\t\t<\/span>\n\t\t\t\t\t\t\t\t\t\t<span class=\"elementor-icon-list-text\">Grado de uso: Bajo intensiva, Medio intensiva, Muy intensiva<\/span>\n\t\t\t\t\t\t\t\t\t<\/li>\n\t\t\t\t\t\t\t\t<li class=\"elementor-icon-list-item\">\n\t\t\t\t\t\t\t\t\t\t\t<span class=\"elementor-icon-list-icon\">\n\t\t\t\t\t\t\t<svg aria-hidden=\"true\" class=\"e-font-icon-svg e-fas-check\" viewBox=\"0 0 512 512\" xmlns=\"http:\/\/www.w3.org\/2000\/svg\"><path d=\"M173.898 439.404l-166.4-166.4c-9.997-9.997-9.997-26.206 0-36.204l36.203-36.204c9.997-9.998 26.207-9.998 36.204 0L192 312.69 432.095 72.596c9.997-9.997 26.207-9.997 36.204 0l36.203 36.204c9.997 9.997 9.997 26.206 0 36.204l-294.4 294.401c-9.998 9.997-26.207 9.997-36.204-.001z\"><\/path><\/svg>\t\t\t\t\t\t<\/span>\n\t\t\t\t\t\t\t\t\t\t<span class=\"elementor-icon-list-text\">Aplicacion: Balc\u00f3n \/ terraza, Hotel, Jard\u00edn, Patio de recreo, Techos verdes<\/span>\n\t\t\t\t\t\t\t\t\t<\/li>\n\t\t\t\t\t\t<\/ul>\n\t\t\t\t\t\t<\/div>\n\t\t\t\t<\/div>\n\t\t\t\t\t<\/div>\n\t\t\t\t<\/div>\n\t\t<div class=\"elementor-element elementor-element-74cd555 e-grid e-con-boxed e-con e-parent\" data-id=\"74cd555\" data-element_type=\"container\">\n\t\t\t\t\t<div class=\"e-con-inner\">\n\t\t\t\t<div class=\"elementor-element elementor-element-e65b53c elementor-widget elementor-widget-image\" data-id=\"e65b53c\" data-element_type=\"widget\" data-widget_type=\"image.default\">\n\t\t\t\t<div class=\"elementor-widget-container\">\n\t\t\t\t\t\t\t\t\t\t\t\t\t\t\t<img decoding=\"async\" width=\"800\" height=\"600\" src=\"https:\/\/greengardenbarcelona.com\/wp-content\/uploads\/2025\/04\/lush.webp\" class=\"attachment-large size-large wp-image-2316\" alt=\"\" srcset=\"https:\/\/greengardenbarcelona.com\/wp-content\/uploads\/2025\/04\/lush.webp 800w, https:\/\/greengardenbarcelona.com\/wp-content\/uploads\/2025\/04\/lush-300x225.webp 300w, https:\/\/greengardenbarcelona.com\/wp-content\/uploads\/2025\/04\/lush-768x576.webp 768w\" sizes=\"(max-width: 800px) 100vw, 800px\" \/>\t\t\t\t\t\t\t\t\t\t\t\t\t\t\t<\/div>\n\t\t\t\t<\/div>\n\t\t\t\t<div class=\"elementor-element elementor-element-1a7c556 elementor-widget elementor-widget-image\" data-id=\"1a7c556\" data-element_type=\"widget\" data-widget_type=\"image.default\">\n\t\t\t\t<div class=\"elementor-widget-container\">\n\t\t\t\t\t\t\t\t\t\t\t\t\t\t\t<img decoding=\"async\" width=\"800\" height=\"600\" src=\"https:\/\/greengardenbarcelona.com\/wp-content\/uploads\/2025\/04\/lushside.webp\" class=\"attachment-large size-large wp-image-2317\" alt=\"\" srcset=\"https:\/\/greengardenbarcelona.com\/wp-content\/uploads\/2025\/04\/lushside.webp 800w, https:\/\/greengardenbarcelona.com\/wp-content\/uploads\/2025\/04\/lushside-300x225.webp 300w, https:\/\/greengardenbarcelona.com\/wp-content\/uploads\/2025\/04\/lushside-768x576.webp 768w\" sizes=\"(max-width: 800px) 100vw, 800px\" \/>\t\t\t\t\t\t\t\t\t\t\t\t\t\t\t<\/div>\n\t\t\t\t<\/div>\n\t\t\t\t\t<\/div>\n\t\t\t\t<\/div>\n\t\t\t\t<\/div>\n\t\t","protected":false},"excerpt":{"rendered":"<p>tipos de c\u00e9sped LUX Caracter\u00edsticas Las fibras del LUX son de un color marr\u00f3n amarillento muy natural, lo que proporciona a este c\u00e9sped artifial un aspecto c\u00e1lido de finales de verano. Sus fibras (42 mm) se encuentran juntas unas con otras con lo que se consigue un aspecto visual muy fresco. Contactanos Nuestro modelo Lux, [&hellip;]<\/p>\n","protected":false},"author":2,"featured_media":0,"parent":0,"menu_order":0,"comment_status":"closed","ping_status":"closed","template":"page-templates\/template-default.php","meta":{"footnotes":""},"class_list":["post-2314","page","type-page","status-publish","hentry"],"_links":{"self":[{"href":"https:\/\/greengardenbarcelona.com\/ko\/wp-json\/wp\/v2\/pages\/2314","targetHints":{"allow":["GET"]}}],"collection":[{"href":"https:\/\/greengardenbarcelona.com\/ko\/wp-json\/wp\/v2\/pages"}],"about":[{"href":"https:\/\/greengardenbarcelona.com\/ko\/wp-json\/wp\/v2\/types\/page"}],"author":[{"embeddable":true,"href":"https:\/\/greengardenbarcelona.com\/ko\/wp-json\/wp\/v2\/users\/2"}],"replies":[{"embeddable":true,"href":"https:\/\/greengardenbarcelona.com\/ko\/wp-json\/wp\/v2\/comments?post=2314"}],"version-history":[{"count":0,"href":"https:\/\/greengardenbarcelona.com\/ko\/wp-json\/wp\/v2\/pages\/2314\/revisions"}],"wp:attachment":[{"href":"https:\/\/greengardenbarcelona.com\/ko\/wp-json\/wp\/v2\/media?parent=2314"}],"curies":[{"name":"wp","href":"https:\/\/api.w.org\/{rel}","templated":true}]}}