{"id":2843,"date":"2025-09-15T21:54:14","date_gmt":"2025-09-15T19:54:14","guid":{"rendered":"https:\/\/greengardenbarcelona.com\/?page_id=2843"},"modified":"2025-09-15T21:56:11","modified_gmt":"2025-09-15T19:56:11","slug":"gracias","status":"publish","type":"page","link":"https:\/\/greengardenbarcelona.com\/th\/gracias\/","title":{"rendered":"Gracias"},"content":{"rendered":"\t\t<div data-elementor-type=\"wp-page\" data-elementor-id=\"2843\" class=\"elementor elementor-2843\" data-elementor-post-type=\"page\">\n\t\t\t\t<div class=\"elementor-element elementor-element-15573523 e-flex e-con-boxed e-con e-parent\" data-id=\"15573523\" data-element_type=\"container\">\n\t\t\t\t\t<div class=\"e-con-inner\">\n\t\t\t\t<div class=\"elementor-element elementor-element-65639bf3 elementor-widget elementor-widget-text-editor\" data-id=\"65639bf3\" data-element_type=\"widget\" data-widget_type=\"text-editor.default\">\n\t\t\t\t<div class=\"elementor-widget-container\">\n\t\t\t\t\t\t\t\t\t<p><span style=\"color: rgb(14, 14, 14); font-size: 18px;\">Habla con nosotros<\/span><\/p>\n<h1>Gracias por contactar con nosotros<\/h1>\n<p>En breve nos pondremos en contacto contigo.<br>Estamos aqu\u00ed para ayudarte en cada paso, desde la elecci\u00f3n del producto ideal hasta la instalaci\u00f3n profesional.<\/p>\n<ul>\n<li>Pol. Ind. Colonia G\u00fcell c\/ L n\u00ba71, Santa Coloma de Cervell\u00f3, 08690, Barcelona<\/li>\n<li><a href=\"tel:+34936547958\"><br>93 654 79 58<br><\/a><\/li>\n<li><a href=\"tel:+34666498260\"><br>666 498 260<br><\/a><\/li>\n<li><a href=\"mailto:carlos@greengardenbarcelona.com\"><br>carlos@greengardenbarcelona.com<br><\/a><\/li>\n<\/ul>\n<h2><br><\/h2><h2>Si tienes mas dudas..<\/h2>\n\n<div class=\"wpcf7 no-js\" id=\"wpcf7-f7-o1\" lang=\"en-US\" dir=\"ltr\" data-wpcf7-id=\"7\">\n<div class=\"screen-reader-response\"><p role=\"status\" aria-live=\"polite\" aria-atomic=\"true\"><\/p> <ul><\/ul><\/div>\n<form action=\"\/th\/wp-json\/wp\/v2\/pages\/2843#wpcf7-f7-o1\" method=\"post\" class=\"wpcf7-form init\" aria-label=\"Contact form\" novalidate=\"novalidate\" data-status=\"init\">\n<div style=\"display: none;\">\n<input type=\"hidden\" name=\"_wpcf7\" value=\"7\" \/>\n<input type=\"hidden\" name=\"_wpcf7_version\" value=\"6.0.6\" \/>\n<input type=\"hidden\" name=\"_wpcf7_locale\" value=\"en_US\" \/>\n<input type=\"hidden\" name=\"_wpcf7_unit_tag\" value=\"wpcf7-f7-o1\" \/>\n<input type=\"hidden\" name=\"_wpcf7_container_post\" value=\"0\" \/>\n<input type=\"hidden\" name=\"_wpcf7_posted_data_hash\" value=\"\" \/>\n<input type=\"hidden\" name=\"lang\" value=\"th\" \/>\n<\/div>\n<div class=\"form-area home-form\">\n\t<div class=\"row\">\n\t\t<div class=\"col-md-12\">\n\t\t\t<div class=\"form-group\">\n\t\t\t\t<p><span class=\"wpcf7-form-control-wrap\" data-name=\"sub\"><input size=\"40\" maxlength=\"400\" class=\"wpcf7-form-control wpcf7-text wpcf7-validates-as-required form-control\" aria-required=\"true\" aria-invalid=\"false\" placeholder=\"Nombre*\" value=\"\" type=\"text\" name=\"sub\" \/><\/span>\n\t\t\t\t<\/p>\n\t\t\t<\/div>\n\t\t<\/div>\n\t\t<div class=\"col-md-6\">\n\t\t\t<div class=\"form-group\">\n\t\t\t\t<p><span class=\"wpcf7-form-control-wrap\" data-name=\"sub2\"><input size=\"40\" maxlength=\"400\" class=\"wpcf7-form-control wpcf7-text wpcf7-validates-as-required form-control\" aria-required=\"true\" aria-invalid=\"false\" placeholder=\"Tel\u00e9fono*\" value=\"\" type=\"text\" name=\"sub2\" \/><\/span>\n\t\t\t\t<\/p>\n\t\t\t<\/div>\n\t\t<\/div>\n\t\t<div class=\"col-md-6\">\n\t\t\t<div class=\"form-group\">\n\t\t\t\t<p><span class=\"wpcf7-form-control-wrap\" data-name=\"sub3\"><input size=\"40\" maxlength=\"400\" class=\"wpcf7-form-control wpcf7-email wpcf7-validates-as-required wpcf7-text wpcf7-validates-as-email form-control\" aria-required=\"true\" aria-invalid=\"false\" placeholder=\"Email*\" value=\"\" type=\"email\" name=\"sub3\" \/><\/span>\n\t\t\t\t<\/p>\n\t\t\t<\/div>\n\t\t<\/div>\n\t\t<div class=\"col-md-12\">\n\t\t\t<div class=\"form-group\">\n\t\t\t\t<p><span class=\"wpcf7-form-control-wrap\" data-name=\"sub5\"><textarea cols=\"40\" rows=\"10\" maxlength=\"2000\" class=\"wpcf7-form-control wpcf7-textarea wpcf7-validates-as-required form-control\" aria-required=\"true\" aria-invalid=\"false\" placeholder=\"Comentario\" name=\"sub5\"><\/textarea><\/span>\n\t\t\t\t<\/p>\n\t\t\t<\/div>\n\t\t<\/div>\n\t\t<div class=\"col-md-6\">\n\t\t\t<div class=\"form-group\">\n\t\t\t\t<div class=\"submit-button\">\n\t\t\t\t\t<p><input class=\"wpcf7-form-control wpcf7-submit has-spinner ctn-button\" type=\"submit\" value=\"Contactar\" \/>\n\t\t\t\t\t<\/p>\n\t\t\t\t<\/div>\n\t\t\t<\/div>\n\t\t<\/div>\n\t<\/div>\n<\/div><div class=\"wpcf7-response-output\" aria-hidden=\"true\"><\/div>\n<\/form>\n<\/div>\n\n<p><\/p>\n<p><\/p>\n<p><br><\/p>\t\t\t\t\t\t\t\t<\/div>\n\t\t\t\t<\/div>\n\t\t\t\t\t<\/div>\n\t\t\t\t<\/div>\n\t\t\t\t<\/div>\n\t\t","protected":false},"excerpt":{"rendered":"<p>Habla con nosotros Gracias por contactar con nosotros E [&hellip;]<\/p>\n","protected":false},"author":2,"featured_media":0,"parent":0,"menu_order":0,"comment_status":"closed","ping_status":"closed","template":"page-templates\/template-default.php","meta":{"footnotes":""},"class_list":["post-2843","page","type-page","status-publish","hentry"],"_links":{"self":[{"href":"https:\/\/greengardenbarcelona.com\/th\/wp-json\/wp\/v2\/pages\/2843","targetHints":{"allow":["GET"]}}],"collection":[{"href":"https:\/\/greengardenbarcelona.com\/th\/wp-json\/wp\/v2\/pages"}],"about":[{"href":"https:\/\/greengardenbarcelona.com\/th\/wp-json\/wp\/v2\/types\/page"}],"author":[{"embeddable":true,"href":"https:\/\/greengardenbarcelona.com\/th\/wp-json\/wp\/v2\/users\/2"}],"replies":[{"embeddable":true,"href":"https:\/\/greengardenbarcelona.com\/th\/wp-json\/wp\/v2\/comments?post=2843"}],"version-history":[{"count":10,"href":"https:\/\/greengardenbarcelona.com\/th\/wp-json\/wp\/v2\/pages\/2843\/revisions"}],"predecessor-version":[{"id":2854,"href":"https:\/\/greengardenbarcelona.com\/th\/wp-json\/wp\/v2\/pages\/2843\/revisions\/2854"}],"wp:attachment":[{"href":"https:\/\/greengardenbarcelona.com\/th\/wp-json\/wp\/v2\/media?parent=2843"}],"curies":[{"name":"wp","href":"https:\/\/api.w.org\/{rel}","templated":true}]}}