{"id":2442,"date":"2025-04-22T10:09:54","date_gmt":"2025-04-22T08:09:54","guid":{"rendered":"https:\/\/dev2.greengardenbarcelona.com\/?page_id=2442"},"modified":"2025-04-22T10:21:37","modified_gmt":"2025-04-22T08:21:37","slug":"line-50","status":"publish","type":"page","link":"https:\/\/greengardenbarcelona.com\/tr\/line-50\/","title":{"rendered":"Line 50"},"content":{"rendered":"\t\t<div data-elementor-type=\"wp-page\" data-elementor-id=\"2442\" class=\"elementor elementor-2442\" data-elementor-post-type=\"page\">\n\t\t\t\t<div class=\"elementor-element elementor-element-eea30c3 e-flex e-con-boxed e-con e-parent\" data-id=\"eea30c3\" data-element_type=\"container\">\n\t\t\t\t\t<div class=\"e-con-inner\">\n\t\t\t\t<div class=\"elementor-element elementor-element-590c9ea elementor-widget elementor-widget-sectiontitle\" data-id=\"590c9ea\" data-element_type=\"widget\" data-widget_type=\"sectiontitle.default\">\n\t\t\t\t<div class=\"elementor-widget-container\">\n\t\t\t\t\t\r\n\t\t\r\n\t\t\t<div class=\"section-title t_left\">\r\n                 \r\n                        <h5>tipos de c\u00e9sped<\/h5>\r\n                \t\t\t\t  \r\n                       <h1>Line 50<\/h1>\r\n                                \t\t\t<\/div>\t\r\n\r\n\t\t\r\n\t\t\t\t\t\t<\/div>\n\t\t\t\t<\/div>\n\t\t\t\t\t<\/div>\n\t\t\t\t<\/div>\n\t\t<div class=\"elementor-element elementor-element-d8ee066 e-flex e-con-boxed e-con e-parent\" data-id=\"d8ee066\" data-element_type=\"container\">\n\t\t\t\t\t<div class=\"e-con-inner\">\n\t\t<div class=\"elementor-element elementor-element-85d8d3d e-con-full e-flex e-con e-child\" data-id=\"85d8d3d\" data-element_type=\"container\">\n\t\t\t\t<div class=\"elementor-element elementor-element-5893ac0 elementor-widget elementor-widget-image\" data-id=\"5893ac0\" data-element_type=\"widget\" data-widget_type=\"image.default\">\n\t\t\t\t<div class=\"elementor-widget-container\">\n\t\t\t\t\t\t\t\t\t\t\t\t\t\t\t<img fetchpriority=\"high\" decoding=\"async\" width=\"1024\" height=\"529\" src=\"https:\/\/greengardenbarcelona.com\/wp-content\/uploads\/2025\/04\/line-50-1024x529.webp\" class=\"attachment-large size-large wp-image-2472\" alt=\"\" srcset=\"https:\/\/greengardenbarcelona.com\/wp-content\/uploads\/2025\/04\/line-50-1024x529.webp 1024w, https:\/\/greengardenbarcelona.com\/wp-content\/uploads\/2025\/04\/line-50-300x155.webp 300w, https:\/\/greengardenbarcelona.com\/wp-content\/uploads\/2025\/04\/line-50-768x397.webp 768w, https:\/\/greengardenbarcelona.com\/wp-content\/uploads\/2025\/04\/line-50-1536x794.webp 1536w, https:\/\/greengardenbarcelona.com\/wp-content\/uploads\/2025\/04\/line-50.webp 1600w\" sizes=\"(max-width: 1024px) 100vw, 1024px\" \/>\t\t\t\t\t\t\t\t\t\t\t\t\t\t\t<\/div>\n\t\t\t\t<\/div>\n\t\t\t\t<\/div>\n\t\t<div class=\"elementor-element elementor-element-82421ab e-con-full e-flex e-con e-child\" data-id=\"82421ab\" data-element_type=\"container\">\n\t\t\t\t<div class=\"elementor-element elementor-element-47d93b3 elementor-widget elementor-widget-sectiontitle\" data-id=\"47d93b3\" data-element_type=\"widget\" data-widget_type=\"sectiontitle.default\">\n\t\t\t\t<div class=\"elementor-widget-container\">\n\t\t\t\t\t\r\n\t\t\r\n\t\t\t<div class=\"section-title t_left\">\r\n                \t\t\t\t  \r\n                       <h1>Caracter\u00edsticas<\/h1>\r\n                                 \r\n                        <p>LINE 50 es un c\u00e9sped artificial de 50 mm de altura de pelo que combina tonos verdes para un acabado natural. Cuenta con hilo principal de polietileno en forma de diamante que lo hace muy suave al tacto y con gran capacidad de recuperaci\u00f3n.<\/p>\r\n                \t\t\t<\/div>\t\r\n\r\n\t\t\r\n\t\t\t\t\t\t<\/div>\n\t\t\t\t<\/div>\n\t\t\t\t<div class=\"elementor-element elementor-element-5bbb593 elementor-widget elementor-widget-sthemeit-button\" data-id=\"5bbb593\" data-element_type=\"widget\" data-widget_type=\"sthemeit-button.default\">\n\t\t\t\t<div class=\"elementor-widget-container\">\n\t\t\t\t\t\r\n\t\t\t\t\r\n\t\t\t\t<div class=\"sthemeit-button-box style4\">\r\n\t\t\t\t\t\t\t\t\t\t<div class=\"sthemeit-button\">\r\n\t\t\t\t\t\t<a href=\"https:\/\/greengardenbarcelona.com\/contactar\/\">\r\n\t\t\t\t\t\t\tContactanos\t\t\t\t\t\t\t<svg xmlns=\"http:\/\/www.w3.org\/2000\/svg\" width=\"20px\" height=\"20px\" viewBox=\"0 0 24 24\">\r\n\t\t\t\t\t\t\t<path fill=\"currentColor\" d=\"M11.998 23.997c-6.617 0-11.999-5.383-11.999-11.999 0-6.616 5.382-11.999 11.999-11.999 6.616 0 11.999 5.383 11.999 11.999 0 6.616-5.383 11.999-11.999 11.999Zm0-21.816c-5.414 0-9.818 4.404-9.818 9.817 0 5.414 4.404 9.817 9.818 9.817 5.413 0 9.817-4.403 9.817-9.817 0-5.413-4.404-9.817-9.817-9.817Zm5.37 10.234a1.11 1.11 0 0 1-.237.355l-4.362 4.362c-.213.214-.492.32-.771.32a1.09 1.09 0 0 1-.772-1.862l2.502-2.501H7.634a1.092 1.092 0 0 1 0-2.182h6.094l-2.502-2.501a1.091 1.091 0 0 1 1.543-1.543l4.362 4.363a1.095 1.095 0 0 1 .237 1.189Z\"><\/path>\r\n\t\t\t\t\t\t\t<\/svg>\t\t\t\t\t\t\r\n\t\t\t\t\t\t<\/a>\r\n\t\t\t\t\t<\/div>\r\n\t\t\t\t\t\t\t\t\t<\/div>\r\n\r\n\t\t\r\n\t\t\t\t\t<\/div>\n\t\t\t\t<\/div>\n\t\t\t\t<\/div>\n\t\t\t\t\t<\/div>\n\t\t\t\t<\/div>\n\t\t<div class=\"elementor-element elementor-element-cf0a414 e-flex e-con-boxed e-con e-parent\" data-id=\"cf0a414\" data-element_type=\"container\">\n\t\t\t\t\t<div class=\"e-con-inner\">\n\t\t\t\t<div class=\"elementor-element elementor-element-185af53 elementor-icon-list--layout-traditional elementor-list-item-link-full_width elementor-widget elementor-widget-icon-list\" data-id=\"185af53\" data-element_type=\"widget\" data-widget_type=\"icon-list.default\">\n\t\t\t\t<div class=\"elementor-widget-container\">\n\t\t\t\t\t\t\t<ul class=\"elementor-icon-list-items\">\n\t\t\t\t\t\t\t<li class=\"elementor-icon-list-item\">\n\t\t\t\t\t\t\t\t\t\t\t<span class=\"elementor-icon-list-icon\">\n\t\t\t\t\t\t\t<svg aria-hidden=\"true\" class=\"e-font-icon-svg e-fas-check\" viewBox=\"0 0 512 512\" xmlns=\"http:\/\/www.w3.org\/2000\/svg\"><path d=\"M173.898 439.404l-166.4-166.4c-9.997-9.997-9.997-26.206 0-36.204l36.203-36.204c9.997-9.998 26.207-9.998 36.204 0L192 312.69 432.095 72.596c9.997-9.997 26.207-9.997 36.204 0l36.203 36.204c9.997 9.997 9.997 26.206 0 36.204l-294.4 294.401c-9.998 9.997-26.207 9.997-36.204-.001z\"><\/path><\/svg>\t\t\t\t\t\t<\/span>\n\t\t\t\t\t\t\t\t\t\t<span class=\"elementor-icon-list-text\">Altura de la fibra: 50 mm<\/span>\n\t\t\t\t\t\t\t\t\t<\/li>\n\t\t\t\t\t\t\t\t<li class=\"elementor-icon-list-item\">\n\t\t\t\t\t\t\t\t\t\t\t<span class=\"elementor-icon-list-icon\">\n\t\t\t\t\t\t\t<svg aria-hidden=\"true\" class=\"e-font-icon-svg e-fas-check\" viewBox=\"0 0 512 512\" xmlns=\"http:\/\/www.w3.org\/2000\/svg\"><path d=\"M173.898 439.404l-166.4-166.4c-9.997-9.997-9.997-26.206 0-36.204l36.203-36.204c9.997-9.998 26.207-9.998 36.204 0L192 312.69 432.095 72.596c9.997-9.997 26.207-9.997 36.204 0l36.203 36.204c9.997 9.997 9.997 26.206 0 36.204l-294.4 294.401c-9.998 9.997-26.207 9.997-36.204-.001z\"><\/path><\/svg>\t\t\t\t\t\t<\/span>\n\t\t\t\t\t\t\t\t\t\t<span class=\"elementor-icon-list-text\">Tipo de fibra: Monofilamento de polietileno en forma de diamante<\/span>\n\t\t\t\t\t\t\t\t\t<\/li>\n\t\t\t\t\t\t\t\t<li class=\"elementor-icon-list-item\">\n\t\t\t\t\t\t\t\t\t\t\t<span class=\"elementor-icon-list-icon\">\n\t\t\t\t\t\t\t<svg aria-hidden=\"true\" class=\"e-font-icon-svg e-fas-check\" viewBox=\"0 0 512 512\" xmlns=\"http:\/\/www.w3.org\/2000\/svg\"><path d=\"M173.898 439.404l-166.4-166.4c-9.997-9.997-9.997-26.206 0-36.204l36.203-36.204c9.997-9.998 26.207-9.998 36.204 0L192 312.69 432.095 72.596c9.997-9.997 26.207-9.997 36.204 0l36.203 36.204c9.997 9.997 9.997 26.206 0 36.204l-294.4 294.401c-9.998 9.997-26.207 9.997-36.204-.001z\"><\/path><\/svg>\t\t\t\t\t\t<\/span>\n\t\t\t\t\t\t\t\t\t\t<span class=\"elementor-icon-list-text\">Densidad: 8.190 puntadas\/m\u00b2<\/span>\n\t\t\t\t\t\t\t\t\t<\/li>\n\t\t\t\t\t\t\t\t<li class=\"elementor-icon-list-item\">\n\t\t\t\t\t\t\t\t\t\t\t<span class=\"elementor-icon-list-icon\">\n\t\t\t\t\t\t\t<svg aria-hidden=\"true\" class=\"e-font-icon-svg e-fas-check\" viewBox=\"0 0 512 512\" xmlns=\"http:\/\/www.w3.org\/2000\/svg\"><path d=\"M173.898 439.404l-166.4-166.4c-9.997-9.997-9.997-26.206 0-36.204l36.203-36.204c9.997-9.998 26.207-9.998 36.204 0L192 312.69 432.095 72.596c9.997-9.997 26.207-9.997 36.204 0l36.203 36.204c9.997 9.997 9.997 26.206 0 36.204l-294.4 294.401c-9.998 9.997-26.207 9.997-36.204-.001z\"><\/path><\/svg>\t\t\t\t\t\t<\/span>\n\t\t\t\t\t\t\t\t\t\t<span class=\"elementor-icon-list-text\">DTEX: 12.000<\/span>\n\t\t\t\t\t\t\t\t\t<\/li>\n\t\t\t\t\t\t\t\t<li class=\"elementor-icon-list-item\">\n\t\t\t\t\t\t\t\t\t\t\t<span class=\"elementor-icon-list-icon\">\n\t\t\t\t\t\t\t<svg aria-hidden=\"true\" class=\"e-font-icon-svg e-fas-check\" viewBox=\"0 0 512 512\" xmlns=\"http:\/\/www.w3.org\/2000\/svg\"><path d=\"M173.898 439.404l-166.4-166.4c-9.997-9.997-9.997-26.206 0-36.204l36.203-36.204c9.997-9.998 26.207-9.998 36.204 0L192 312.69 432.095 72.596c9.997-9.997 26.207-9.997 36.204 0l36.203 36.204c9.997 9.997 9.997 26.206 0 36.204l-294.4 294.401c-9.998 9.997-26.207 9.997-36.204-.001z\"><\/path><\/svg>\t\t\t\t\t\t<\/span>\n\t\t\t\t\t\t\t\t\t\t<span class=\"elementor-icon-list-text\">Textura: Suave y confortable al tacto<\/span>\n\t\t\t\t\t\t\t\t\t<\/li>\n\t\t\t\t\t\t\t\t<li class=\"elementor-icon-list-item\">\n\t\t\t\t\t\t\t\t\t\t\t<span class=\"elementor-icon-list-icon\">\n\t\t\t\t\t\t\t<svg aria-hidden=\"true\" class=\"e-font-icon-svg e-fas-check\" viewBox=\"0 0 512 512\" xmlns=\"http:\/\/www.w3.org\/2000\/svg\"><path d=\"M173.898 439.404l-166.4-166.4c-9.997-9.997-9.997-26.206 0-36.204l36.203-36.204c9.997-9.998 26.207-9.998 36.204 0L192 312.69 432.095 72.596c9.997-9.997 26.207-9.997 36.204 0l36.203 36.204c9.997 9.997 9.997 26.206 0 36.204l-294.4 294.401c-9.998 9.997-26.207 9.997-36.204-.001z\"><\/path><\/svg>\t\t\t\t\t\t<\/span>\n\t\t\t\t\t\t\t\t\t\t<span class=\"elementor-icon-list-text\">Recuperaci\u00f3n: Alta resiliencia y recuperaci\u00f3n tras la pisada<\/span>\n\t\t\t\t\t\t\t\t\t<\/li>\n\t\t\t\t\t\t\t\t<li class=\"elementor-icon-list-item\">\n\t\t\t\t\t\t\t\t\t\t\t<span class=\"elementor-icon-list-icon\">\n\t\t\t\t\t\t\t<svg aria-hidden=\"true\" class=\"e-font-icon-svg e-fas-check\" viewBox=\"0 0 512 512\" xmlns=\"http:\/\/www.w3.org\/2000\/svg\"><path d=\"M173.898 439.404l-166.4-166.4c-9.997-9.997-9.997-26.206 0-36.204l36.203-36.204c9.997-9.998 26.207-9.998 36.204 0L192 312.69 432.095 72.596c9.997-9.997 26.207-9.997 36.204 0l36.203 36.204c9.997 9.997 9.997 26.206 0 36.204l-294.4 294.401c-9.998 9.997-26.207 9.997-36.204-.001z\"><\/path><\/svg>\t\t\t\t\t\t<\/span>\n\t\t\t\t\t\t\t\t\t\t<span class=\"elementor-icon-list-text\">Formato: Rollos de 2 x 20 m (40 m\u00b2)\u200b<\/span>\n\t\t\t\t\t\t\t\t\t<\/li>\n\t\t\t\t\t\t<\/ul>\n\t\t\t\t\t\t<\/div>\n\t\t\t\t<\/div>\n\t\t\t\t<div class=\"elementor-element elementor-element-4d19f18 elementor-widget elementor-widget-text-editor\" data-id=\"4d19f18\" data-element_type=\"widget\" data-widget_type=\"text-editor.default\">\n\t\t\t\t<div class=\"elementor-widget-container\">\n\t\t\t\t\t\t\t\t\t<p><span style=\"color: #000000; font-family: Roboto, arial, sans-serif;\">Todos los datos anteriores estan sujetos a modificaciones en base a mejoras te\u0301cnicas o desarrollos internos de la empresa. Todos los datos son valores medios y pueden variar ligeramente.<\/span><\/p>\t\t\t\t\t\t\t\t<\/div>\n\t\t\t\t<\/div>\n\t\t\t\t\t<\/div>\n\t\t\t\t<\/div>\n\t\t\t\t<\/div>\n\t\t","protected":false},"excerpt":{"rendered":"<p>tipos de c\u00e9sped Line 50 Caracter\u00edsticas LINE 50 es un c\u00e9sped artificial de 50 mm de altura de pelo que combina tonos verdes para un acabado natural. Cuenta con hilo principal de polietileno en forma de diamante que lo hace muy suave al tacto y con gran capacidad de recuperaci\u00f3n. Contactanos Altura de la fibra: [&hellip;]<\/p>\n","protected":false},"author":2,"featured_media":0,"parent":0,"menu_order":0,"comment_status":"closed","ping_status":"closed","template":"page-templates\/template-default.php","meta":{"footnotes":""},"class_list":["post-2442","page","type-page","status-publish","hentry"],"_links":{"self":[{"href":"https:\/\/greengardenbarcelona.com\/tr\/wp-json\/wp\/v2\/pages\/2442","targetHints":{"allow":["GET"]}}],"collection":[{"href":"https:\/\/greengardenbarcelona.com\/tr\/wp-json\/wp\/v2\/pages"}],"about":[{"href":"https:\/\/greengardenbarcelona.com\/tr\/wp-json\/wp\/v2\/types\/page"}],"author":[{"embeddable":true,"href":"https:\/\/greengardenbarcelona.com\/tr\/wp-json\/wp\/v2\/users\/2"}],"replies":[{"embeddable":true,"href":"https:\/\/greengardenbarcelona.com\/tr\/wp-json\/wp\/v2\/comments?post=2442"}],"version-history":[{"count":0,"href":"https:\/\/greengardenbarcelona.com\/tr\/wp-json\/wp\/v2\/pages\/2442\/revisions"}],"wp:attachment":[{"href":"https:\/\/greengardenbarcelona.com\/tr\/wp-json\/wp\/v2\/media?parent=2442"}],"curies":[{"name":"wp","href":"https:\/\/api.w.org\/{rel}","templated":true}]}}